{"id":2048,"date":"2023-05-30T12:53:01","date_gmt":"2023-05-30T15:53:01","guid":{"rendered":"https:\/\/sorvetequente.com.br\/loja\/?post_type=product&#038;p=2048"},"modified":"2025-02-28T21:58:35","modified_gmt":"2025-03-01T00:58:35","slug":"body-dama-da-noite-sexy","status":"publish","type":"product","link":"https:\/\/sorvetequente.com.br\/loja\/product\/body-dama-da-noite-sexy\/","title":{"rendered":"Body sensual Dama da noite Pimenta sexy &#8211; Tamanho \u00fanico"},"content":{"rendered":"<p>Body confeccionada em cirre, um tecido que se assemelha ao Couro. Seu design valoriza bastante a regi\u00e3o da cintura e busto, pois o seu modelo ultra decote e fendas laterais trazem a aten\u00e7\u00e3o para o meio da barriga, dando a impress\u00e3o que a cintura est\u00e1 mais desenhada. Em seu decote, possui detalhes em renda que se estendem at\u00e9 suas al\u00e7as el\u00e1sticas, permitindo um ajuste melhor e tamb\u00e9m proporcionando um caimento perfeito. Atr\u00e1s em seu fio, al\u00e9m de ser confeccionado tamb\u00e9m em cirre, possui detalhes em renda nas partes internas da fenda.<\/p>\n<p><strong>Ficha T\u00e9cnica<\/strong><br \/>\n<strong>Cont\u00e9m:<\/strong>\u00a001 Body Sensual.<br \/>\n<strong>Tamanho:<\/strong>\u00a0\u00danico (Veste do 36 ao 44).<\/p>\n<p><strong>Recomenda\u00e7\u00f5es:<\/strong><br \/>\n&#8211; Lavar sempre \u00e0 m\u00e3o.<br \/>\n&#8211; Utilizar sempre sab\u00e3o\/detergente neutro.<br \/>\n&#8211; N\u00e3o utilizar alvejante.<\/p>\n","protected":false},"excerpt":{"rendered":"<h1><span style=\"color: #ff00ff\">NO PIX R$29,14<\/span><\/h1>\n","protected":false},"featured_media":5579,"comment_status":"open","ping_status":"closed","template":"","meta":[],"product_cat":[158,34,66],"product_tag":[],"class_list":{"0":"post-2048","1":"product","2":"type-product","3":"status-publish","4":"has-post-thumbnail","6":"product_cat-body","7":"product_cat-lingeries","8":"product_cat-promocao-relampago","10":"first","11":"instock","12":"sale","13":"shipping-taxable","14":"purchasable","15":"product-type-simple"},"group_of_quantity":0,"min_quantity":0,"max_quantity":"","exclude_order_quantity_value_rules":"no","exclude_category_quantity_rules":"no","combine_variations":"no","_links":{"self":[{"href":"https:\/\/sorvetequente.com.br\/loja\/wp-json\/wp\/v2\/product\/2048","targetHints":{"allow":["GET"]}}],"collection":[{"href":"https:\/\/sorvetequente.com.br\/loja\/wp-json\/wp\/v2\/product"}],"about":[{"href":"https:\/\/sorvetequente.com.br\/loja\/wp-json\/wp\/v2\/types\/product"}],"replies":[{"embeddable":true,"href":"https:\/\/sorvetequente.com.br\/loja\/wp-json\/wp\/v2\/comments?post=2048"}],"wp:featuredmedia":[{"embeddable":true,"href":"https:\/\/sorvetequente.com.br\/loja\/wp-json\/wp\/v2\/media\/5579"}],"wp:attachment":[{"href":"https:\/\/sorvetequente.com.br\/loja\/wp-json\/wp\/v2\/media?parent=2048"}],"wp:term":[{"taxonomy":"product_cat","embeddable":true,"href":"https:\/\/sorvetequente.com.br\/loja\/wp-json\/wp\/v2\/product_cat?post=2048"},{"taxonomy":"product_tag","embeddable":true,"href":"https:\/\/sorvetequente.com.br\/loja\/wp-json\/wp\/v2\/product_tag?post=2048"}],"curies":[{"name":"wp","href":"https:\/\/api.w.org\/{rel}","templated":true}]}}