{"id":2045,"date":"2023-05-30T12:48:25","date_gmt":"2023-05-30T15:48:25","guid":{"rendered":"https:\/\/sorvetequente.com.br\/loja\/?post_type=product&#038;p=2045"},"modified":"2024-12-31T15:24:18","modified_gmt":"2024-12-31T18:24:18","slug":"fantasia-body-imprudence-sexy","status":"publish","type":"product","link":"https:\/\/sorvetequente.com.br\/loja\/product\/fantasia-body-imprudence-sexy\/","title":{"rendered":"Body sexy Imprudence Pimenta sexy"},"content":{"rendered":"<p>Body Imprudente Pimenta Sexy<\/p>\n<p>Body imprudente provocante e irresist\u00edvel para aquelas noites em que voc\u00ea desejar seduzir seu amor, sinta-se no comando.<br \/>\n<strong>Body fio dental<\/strong>\u00a0em tecido cirr\u00ea, possui elasticidade, com decote super ousado e detalhe na frente com bijouteria em acr\u00edlico. De amarrar no pesco\u00e7o para melhor ajuste, n\u00e3o possui bojo e forro de algod\u00e3o na calcinha do body.<\/p>\n<p>Tamanho \u00fanico.<\/p>\n<p>Composi\u00e7\u00e3o:<\/p>\n<p>86% Poliamida<br \/>\n14% Elastano<\/p>\n<p>Tecido:<\/p>\n<p>100% Poliamida<\/p>\n","protected":false},"excerpt":{"rendered":"<h1><span style=\"color: #ff00ff\">NO PIX R$44,77<\/span><\/h1>\n","protected":false},"featured_media":2047,"comment_status":"open","ping_status":"closed","template":"","meta":[],"product_cat":[15,158,159,34],"product_tag":[],"class_list":{"0":"post-2045","1":"product","2":"type-product","3":"status-publish","4":"has-post-thumbnail","6":"product_cat-promocoes","7":"product_cat-body","8":"product_cat-conjunto","9":"product_cat-lingeries","11":"first","12":"instock","13":"sale","14":"shipping-taxable","15":"purchasable","16":"product-type-simple"},"group_of_quantity":0,"min_quantity":0,"max_quantity":"","exclude_order_quantity_value_rules":"no","exclude_category_quantity_rules":"no","combine_variations":"no","_links":{"self":[{"href":"https:\/\/sorvetequente.com.br\/loja\/wp-json\/wp\/v2\/product\/2045","targetHints":{"allow":["GET"]}}],"collection":[{"href":"https:\/\/sorvetequente.com.br\/loja\/wp-json\/wp\/v2\/product"}],"about":[{"href":"https:\/\/sorvetequente.com.br\/loja\/wp-json\/wp\/v2\/types\/product"}],"replies":[{"embeddable":true,"href":"https:\/\/sorvetequente.com.br\/loja\/wp-json\/wp\/v2\/comments?post=2045"}],"wp:featuredmedia":[{"embeddable":true,"href":"https:\/\/sorvetequente.com.br\/loja\/wp-json\/wp\/v2\/media\/2047"}],"wp:attachment":[{"href":"https:\/\/sorvetequente.com.br\/loja\/wp-json\/wp\/v2\/media?parent=2045"}],"wp:term":[{"taxonomy":"product_cat","embeddable":true,"href":"https:\/\/sorvetequente.com.br\/loja\/wp-json\/wp\/v2\/product_cat?post=2045"},{"taxonomy":"product_tag","embeddable":true,"href":"https:\/\/sorvetequente.com.br\/loja\/wp-json\/wp\/v2\/product_tag?post=2045"}],"curies":[{"name":"wp","href":"https:\/\/api.w.org\/{rel}","templated":true}]}}