{"id":2015,"date":"2023-05-15T14:48:22","date_gmt":"2023-05-15T17:48:22","guid":{"rendered":"https:\/\/sorvetequente.com.br\/loja\/?post_type=product&#038;p=2015"},"modified":"2025-12-12T09:59:46","modified_gmt":"2025-12-12T12:59:46","slug":"preservativo-com-aroma-de-tutti-frutti-3-unidades-rilex","status":"publish","type":"product","link":"https:\/\/sorvetequente.com.br\/loja\/product\/preservativo-com-aroma-de-tutti-frutti-3-unidades-rilex\/","title":{"rendered":"PRESERVATIVO COM AROMA DE TUTTI FRUTTI 3 UNIDADES RILEX"},"content":{"rendered":"<p>O\u00a0<strong>Preservativo Masculino Rilex<\/strong>\u00a0al\u00e9m de proporcionar mais seguran\u00e7a, prevenindo doen\u00e7as sexualmente transmiss\u00edveis, possui aroma de Tutti Frutti que deixar\u00e1 a experi\u00eancia durante o sexo oral ainda irresist\u00edvel. Use a criatividade e deixe o momento descontra\u00eddo!<\/p>\n<p><strong>Ficha T\u00e9cnica<\/strong><br \/>\n<strong>Cont\u00e9m:<\/strong>\u00a03 unidades.<br \/>\n<strong>Composi\u00e7\u00e3o:<\/strong>\u00a0L\u00e1tex de borracha natural, \u00f3leo de silicone (lubrificante), benzoca\u00edna e aroma artificial de tutti-frutti.<br \/>\n<strong>Caracter\u00edsticas:<\/strong>\u00a0lisos, opacos, pontas com reservat\u00f3rio, lados paralelos, lubrificados e largura nominal de 52 mm. 100% testados eletronicamente.<\/p>\n","protected":false},"excerpt":{"rendered":"<h1><span style=\"color: #ff00ff\">NO PIX R$2,49<\/span><\/h1>\n","protected":false},"featured_media":2016,"comment_status":"open","ping_status":"closed","template":"","meta":[],"product_cat":[38],"product_tag":[],"class_list":{"0":"post-2015","1":"product","2":"type-product","3":"status-publish","4":"has-post-thumbnail","6":"product_cat-preservativos","8":"first","9":"instock","10":"sale","11":"shipping-taxable","12":"purchasable","13":"product-type-simple"},"group_of_quantity":0,"min_quantity":0,"max_quantity":"","exclude_order_quantity_value_rules":"no","exclude_category_quantity_rules":"no","combine_variations":"no","_links":{"self":[{"href":"https:\/\/sorvetequente.com.br\/loja\/wp-json\/wp\/v2\/product\/2015","targetHints":{"allow":["GET"]}}],"collection":[{"href":"https:\/\/sorvetequente.com.br\/loja\/wp-json\/wp\/v2\/product"}],"about":[{"href":"https:\/\/sorvetequente.com.br\/loja\/wp-json\/wp\/v2\/types\/product"}],"replies":[{"embeddable":true,"href":"https:\/\/sorvetequente.com.br\/loja\/wp-json\/wp\/v2\/comments?post=2015"}],"wp:featuredmedia":[{"embeddable":true,"href":"https:\/\/sorvetequente.com.br\/loja\/wp-json\/wp\/v2\/media\/2016"}],"wp:attachment":[{"href":"https:\/\/sorvetequente.com.br\/loja\/wp-json\/wp\/v2\/media?parent=2015"}],"wp:term":[{"taxonomy":"product_cat","embeddable":true,"href":"https:\/\/sorvetequente.com.br\/loja\/wp-json\/wp\/v2\/product_cat?post=2015"},{"taxonomy":"product_tag","embeddable":true,"href":"https:\/\/sorvetequente.com.br\/loja\/wp-json\/wp\/v2\/product_tag?post=2015"}],"curies":[{"name":"wp","href":"https:\/\/api.w.org\/{rel}","templated":true}]}}