{"id":1976,"date":"2023-05-09T16:50:26","date_gmt":"2023-05-09T19:50:26","guid":{"rendered":"https:\/\/sorvetequente.com.br\/loja\/?post_type=product&#038;p=1976"},"modified":"2026-03-27T18:36:16","modified_gmt":"2026-03-27T21:36:16","slug":"kit-mulher-gato-fino-franja-brasil-fetiche","status":"publish","type":"product","link":"https:\/\/sorvetequente.com.br\/loja\/product\/kit-mulher-gato-fino-franja-brasil-fetiche\/","title":{"rendered":"KIT MULHER GATO FINO FRANJA BRASIL FETICHE"},"content":{"rendered":"<p>KIT MULHER GATO FINO FRANJA BRASIL FETICHE<\/p>\n<p>Desenvolvida em couro sint\u00e9tico e cordas, o kit mulher gato chicote fino com franja, possui 2 itens necess\u00e1rios para a domina\u00e7\u00e3o<br \/>\nMateriais de alta qualidade e acabamento.<\/p>\n<p>Cont\u00e9m:<br \/>\n01 chicote fino franja.<br \/>\n01 m\u00e1scara mulher gato.<\/p>\n<p>Material:<br \/>\n85% Couro Sint\u00e9tico<br \/>\n15% Manta Poli\u00e9ster<\/p>\n","protected":false},"excerpt":{"rendered":"<h1><span style=\"color: #ff00ff\">NO PIX R$9,99<\/span><\/h1>\n","protected":false},"featured_media":1977,"comment_status":"open","ping_status":"closed","template":"","meta":[],"product_cat":[32],"product_tag":[],"class_list":{"0":"post-1976","1":"product","2":"type-product","3":"status-publish","4":"has-post-thumbnail","6":"product_cat-sado-fetiche","8":"first","9":"instock","10":"sale","11":"shipping-taxable","12":"purchasable","13":"product-type-simple"},"group_of_quantity":0,"min_quantity":0,"max_quantity":"","exclude_order_quantity_value_rules":"no","exclude_category_quantity_rules":"no","combine_variations":"no","_links":{"self":[{"href":"https:\/\/sorvetequente.com.br\/loja\/wp-json\/wp\/v2\/product\/1976","targetHints":{"allow":["GET"]}}],"collection":[{"href":"https:\/\/sorvetequente.com.br\/loja\/wp-json\/wp\/v2\/product"}],"about":[{"href":"https:\/\/sorvetequente.com.br\/loja\/wp-json\/wp\/v2\/types\/product"}],"replies":[{"embeddable":true,"href":"https:\/\/sorvetequente.com.br\/loja\/wp-json\/wp\/v2\/comments?post=1976"}],"wp:featuredmedia":[{"embeddable":true,"href":"https:\/\/sorvetequente.com.br\/loja\/wp-json\/wp\/v2\/media\/1977"}],"wp:attachment":[{"href":"https:\/\/sorvetequente.com.br\/loja\/wp-json\/wp\/v2\/media?parent=1976"}],"wp:term":[{"taxonomy":"product_cat","embeddable":true,"href":"https:\/\/sorvetequente.com.br\/loja\/wp-json\/wp\/v2\/product_cat?post=1976"},{"taxonomy":"product_tag","embeddable":true,"href":"https:\/\/sorvetequente.com.br\/loja\/wp-json\/wp\/v2\/product_tag?post=1976"}],"curies":[{"name":"wp","href":"https:\/\/api.w.org\/{rel}","templated":true}]}}