{"id":1972,"date":"2023-05-09T16:46:13","date_gmt":"2023-05-09T19:46:13","guid":{"rendered":"https:\/\/sorvetequente.com.br\/loja\/?post_type=product&#038;p=1972"},"modified":"2023-10-29T00:12:56","modified_gmt":"2023-10-29T03:12:56","slug":"cinta-peniana-2-furos-dominatrix","status":"publish","type":"product","link":"https:\/\/sorvetequente.com.br\/loja\/product\/cinta-peniana-2-furos-dominatrix\/","title":{"rendered":"CINTA PENIANA 2 FUROS &#8211; DOMINATRIX"},"content":{"rendered":"<p>Cinto 02 Furos Com Regulagem dominatrix, para 02 pr\u00f3teses.<\/p>\n<p>Obs: N\u00e3o acompanha pr\u00f3tese.<\/p>\n<p>Largura m\u00e1xima das Pr\u00f3teses dever\u00e3o ser de at\u00e9 3,50cm de di\u00e2metro.<\/p>\n<p>Cuidados: Limpar com pano \u00famido.<\/p>\n<p>Secar a sombra.<\/p>\n<p>Conservar fora da luz solar e n\u00e3o expor a temperatura superior a 50\u00baC..<\/p>\n","protected":false},"excerpt":{"rendered":"<h1><span style=\"color: #ff00ff\">NO PIX R$10,99<\/span><\/h1>\n","protected":false},"featured_media":1973,"comment_status":"open","ping_status":"closed","template":"","meta":[],"product_cat":[32],"product_tag":[],"class_list":{"0":"post-1972","1":"product","2":"type-product","3":"status-publish","4":"has-post-thumbnail","6":"product_cat-sado-fetiche","8":"first","9":"instock","10":"sale","11":"shipping-taxable","12":"purchasable","13":"product-type-simple"},"group_of_quantity":0,"min_quantity":0,"max_quantity":"","exclude_order_quantity_value_rules":"no","exclude_category_quantity_rules":"no","combine_variations":"no","_links":{"self":[{"href":"https:\/\/sorvetequente.com.br\/loja\/wp-json\/wp\/v2\/product\/1972","targetHints":{"allow":["GET"]}}],"collection":[{"href":"https:\/\/sorvetequente.com.br\/loja\/wp-json\/wp\/v2\/product"}],"about":[{"href":"https:\/\/sorvetequente.com.br\/loja\/wp-json\/wp\/v2\/types\/product"}],"replies":[{"embeddable":true,"href":"https:\/\/sorvetequente.com.br\/loja\/wp-json\/wp\/v2\/comments?post=1972"}],"wp:featuredmedia":[{"embeddable":true,"href":"https:\/\/sorvetequente.com.br\/loja\/wp-json\/wp\/v2\/media\/1973"}],"wp:attachment":[{"href":"https:\/\/sorvetequente.com.br\/loja\/wp-json\/wp\/v2\/media?parent=1972"}],"wp:term":[{"taxonomy":"product_cat","embeddable":true,"href":"https:\/\/sorvetequente.com.br\/loja\/wp-json\/wp\/v2\/product_cat?post=1972"},{"taxonomy":"product_tag","embeddable":true,"href":"https:\/\/sorvetequente.com.br\/loja\/wp-json\/wp\/v2\/product_tag?post=1972"}],"curies":[{"name":"wp","href":"https:\/\/api.w.org\/{rel}","templated":true}]}}