{"id":1966,"date":"2023-05-08T15:30:00","date_gmt":"2023-05-08T18:30:00","guid":{"rendered":"https:\/\/sorvetequente.com.br\/loja\/?post_type=product&#038;p=1966"},"modified":"2025-02-06T14:19:42","modified_gmt":"2025-02-06T17:19:42","slug":"kit-dominadora-brasil-fetiche","status":"publish","type":"product","link":"https:\/\/sorvetequente.com.br\/loja\/product\/kit-dominadora-brasil-fetiche\/","title":{"rendered":"KIT DOMINADORA BRASIL FETICHE"},"content":{"rendered":"<p>Kit Tiazinha Com Chicote, confeccionado em couro sint\u00e9tico composto por m\u00e1scara e chicotinho.<\/p>\n<p>A m\u00e1scara possui el\u00e1stico ajust\u00e1vel.<\/p>\n<p>Dimens\u00f5es: A m\u00e1scara padr\u00e3o, chicote base com 15cm com tiras de 35cm de comprimento. Medidas aproximadas.<\/p>\n<p>Cuidados: Limpar com pano \u00famido. Secar a sombra. Conservar fora da luz solar e n\u00e3o expor a temperatura superior a 50\u00baC..<\/p>\n","protected":false},"excerpt":{"rendered":"<h1><span style=\"color: #ff00ff\">NO PIX R$11,85<\/span><\/h1>\n","protected":false},"featured_media":1965,"comment_status":"open","ping_status":"closed","template":"","meta":[],"product_cat":[32],"product_tag":[],"class_list":{"0":"post-1966","1":"product","2":"type-product","3":"status-publish","4":"has-post-thumbnail","6":"product_cat-sado-fetiche","8":"first","9":"instock","10":"sale","11":"shipping-taxable","12":"purchasable","13":"product-type-simple"},"group_of_quantity":0,"min_quantity":0,"max_quantity":"","exclude_order_quantity_value_rules":"no","exclude_category_quantity_rules":"no","combine_variations":"no","_links":{"self":[{"href":"https:\/\/sorvetequente.com.br\/loja\/wp-json\/wp\/v2\/product\/1966","targetHints":{"allow":["GET"]}}],"collection":[{"href":"https:\/\/sorvetequente.com.br\/loja\/wp-json\/wp\/v2\/product"}],"about":[{"href":"https:\/\/sorvetequente.com.br\/loja\/wp-json\/wp\/v2\/types\/product"}],"replies":[{"embeddable":true,"href":"https:\/\/sorvetequente.com.br\/loja\/wp-json\/wp\/v2\/comments?post=1966"}],"wp:featuredmedia":[{"embeddable":true,"href":"https:\/\/sorvetequente.com.br\/loja\/wp-json\/wp\/v2\/media\/1965"}],"wp:attachment":[{"href":"https:\/\/sorvetequente.com.br\/loja\/wp-json\/wp\/v2\/media?parent=1966"}],"wp:term":[{"taxonomy":"product_cat","embeddable":true,"href":"https:\/\/sorvetequente.com.br\/loja\/wp-json\/wp\/v2\/product_cat?post=1966"},{"taxonomy":"product_tag","embeddable":true,"href":"https:\/\/sorvetequente.com.br\/loja\/wp-json\/wp\/v2\/product_tag?post=1966"}],"curies":[{"name":"wp","href":"https:\/\/api.w.org\/{rel}","templated":true}]}}