{"id":1948,"date":"2023-05-08T14:46:10","date_gmt":"2023-05-08T17:46:10","guid":{"rendered":"https:\/\/sorvetequente.com.br\/loja\/?post_type=product&#038;p=1948"},"modified":"2025-12-15T13:30:08","modified_gmt":"2025-12-15T16:30:08","slug":"kit-tiazinha-mascara-e-chibata-dominatrix","status":"publish","type":"product","link":"https:\/\/sorvetequente.com.br\/loja\/product\/kit-tiazinha-mascara-e-chibata-dominatrix\/","title":{"rendered":"KIT TIAZINHA M\u00c1SCARA E CHIBATA &#8211; DOMINATRIX"},"content":{"rendered":"<p>Kit Tiazinha Dominatrix confeccionado em couro sint\u00e9tico composto por m\u00e1scara e chibata.<\/p>\n<p>A m\u00e1scara possui el\u00e1stico ajust\u00e1vel e a chibata \u00e9 flex\u00edvel e tem al\u00e7a para facilitar o manuseio.<\/p>\n<p>Cont\u00e9m:<\/p>\n<p>01 Cibata de plastico.<br \/>\n01 Mascara de couro.<\/p>\n<p>Dimens\u00f5es: A m\u00e1scara mede 22 cm de comprimento com largura vario entre 3,5 cm e 7cm.<\/p>\n<p>A chibata mede 65 cm de comprimento.<\/p>\n<p>Medidas aproximadas.<\/p>\n<p>Cuidados: Limpar com pano \u00famido.<\/p>\n<p>Secar a sombra.<\/p>\n","protected":false},"excerpt":{"rendered":"<h1><span style=\"color: #ff00ff\">NO PIX R$9,86<\/span><\/h1>\n","protected":false},"featured_media":1950,"comment_status":"open","ping_status":"closed","template":"","meta":[],"product_cat":[32],"product_tag":[],"class_list":{"0":"post-1948","1":"product","2":"type-product","3":"status-publish","4":"has-post-thumbnail","6":"product_cat-sado-fetiche","8":"first","9":"instock","10":"sale","11":"shipping-taxable","12":"purchasable","13":"product-type-simple"},"group_of_quantity":0,"min_quantity":0,"max_quantity":"","exclude_order_quantity_value_rules":"no","exclude_category_quantity_rules":"no","combine_variations":"no","_links":{"self":[{"href":"https:\/\/sorvetequente.com.br\/loja\/wp-json\/wp\/v2\/product\/1948","targetHints":{"allow":["GET"]}}],"collection":[{"href":"https:\/\/sorvetequente.com.br\/loja\/wp-json\/wp\/v2\/product"}],"about":[{"href":"https:\/\/sorvetequente.com.br\/loja\/wp-json\/wp\/v2\/types\/product"}],"replies":[{"embeddable":true,"href":"https:\/\/sorvetequente.com.br\/loja\/wp-json\/wp\/v2\/comments?post=1948"}],"wp:featuredmedia":[{"embeddable":true,"href":"https:\/\/sorvetequente.com.br\/loja\/wp-json\/wp\/v2\/media\/1950"}],"wp:attachment":[{"href":"https:\/\/sorvetequente.com.br\/loja\/wp-json\/wp\/v2\/media?parent=1948"}],"wp:term":[{"taxonomy":"product_cat","embeddable":true,"href":"https:\/\/sorvetequente.com.br\/loja\/wp-json\/wp\/v2\/product_cat?post=1948"},{"taxonomy":"product_tag","embeddable":true,"href":"https:\/\/sorvetequente.com.br\/loja\/wp-json\/wp\/v2\/product_tag?post=1948"}],"curies":[{"name":"wp","href":"https:\/\/api.w.org\/{rel}","templated":true}]}}