{"id":1922,"date":"2023-05-02T16:12:32","date_gmt":"2023-05-02T19:12:32","guid":{"rendered":"https:\/\/sorvetequente.com.br\/loja\/?post_type=product&#038;p=1922"},"modified":"2024-04-05T21:24:48","modified_gmt":"2024-04-06T00:24:48","slug":"chaveiro-dado-o-que-eu-sinto-por-voce-diversao-ao-cubo","status":"publish","type":"product","link":"https:\/\/sorvetequente.com.br\/loja\/product\/chaveiro-dado-o-que-eu-sinto-por-voce-diversao-ao-cubo\/","title":{"rendered":"Chaveiro dado o que eu sinto por voc\u00ea"},"content":{"rendered":"<div class=\"conteudoFecha\">\n<p>Dado O Que Sinto Por Voc\u00ea Unissex Simples, \u00e9 uma forma original de dizer ao ser parceiro o que sente por ele,<br \/>\namor, paix\u00e3o&#8230;<\/p>\n<p>Jogo para adultos contendo um dado.<\/p>\n<p>Dadinho embalado em exclusiva caixinha &#8216;chaveiro&#8217;.<\/p>\n<p>Cuidados: Lavar com \u00e1gua e sab\u00e3o, n\u00e3o utilizar solventes ou abrasivos..<\/p>\n<\/div>\n<div class=\"botaoFechar\"><\/div>\n","protected":false},"excerpt":{"rendered":"<h1><span style=\"color: #ff00ff\">NO PIX R$2,59<\/span><\/h1>\n","protected":false},"featured_media":1923,"comment_status":"open","ping_status":"closed","template":"","meta":[],"product_cat":[98],"product_tag":[],"class_list":{"0":"post-1922","1":"product","2":"type-product","3":"status-publish","4":"has-post-thumbnail","6":"product_cat-brincadeiras","8":"first","9":"instock","10":"sale","11":"shipping-taxable","12":"purchasable","13":"product-type-simple"},"group_of_quantity":0,"min_quantity":0,"max_quantity":"","exclude_order_quantity_value_rules":"no","exclude_category_quantity_rules":"no","combine_variations":"no","_links":{"self":[{"href":"https:\/\/sorvetequente.com.br\/loja\/wp-json\/wp\/v2\/product\/1922","targetHints":{"allow":["GET"]}}],"collection":[{"href":"https:\/\/sorvetequente.com.br\/loja\/wp-json\/wp\/v2\/product"}],"about":[{"href":"https:\/\/sorvetequente.com.br\/loja\/wp-json\/wp\/v2\/types\/product"}],"replies":[{"embeddable":true,"href":"https:\/\/sorvetequente.com.br\/loja\/wp-json\/wp\/v2\/comments?post=1922"}],"wp:featuredmedia":[{"embeddable":true,"href":"https:\/\/sorvetequente.com.br\/loja\/wp-json\/wp\/v2\/media\/1923"}],"wp:attachment":[{"href":"https:\/\/sorvetequente.com.br\/loja\/wp-json\/wp\/v2\/media?parent=1922"}],"wp:term":[{"taxonomy":"product_cat","embeddable":true,"href":"https:\/\/sorvetequente.com.br\/loja\/wp-json\/wp\/v2\/product_cat?post=1922"},{"taxonomy":"product_tag","embeddable":true,"href":"https:\/\/sorvetequente.com.br\/loja\/wp-json\/wp\/v2\/product_tag?post=1922"}],"curies":[{"name":"wp","href":"https:\/\/api.w.org\/{rel}","templated":true}]}}