{"id":1918,"date":"2023-05-02T15:49:30","date_gmt":"2023-05-02T18:49:30","guid":{"rendered":"https:\/\/sorvetequente.com.br\/loja\/?post_type=product&#038;p=1918"},"modified":"2025-12-15T13:30:07","modified_gmt":"2025-12-15T16:30:07","slug":"dado-duplo-tecnicas-sado-diversao-ao-cubo","status":"publish","type":"product","link":"https:\/\/sorvetequente.com.br\/loja\/product\/dado-duplo-tecnicas-sado-diversao-ao-cubo\/","title":{"rendered":"Dado sado duplo"},"content":{"rendered":"<p>DADO DUPLO T\u00c9CNICAS SADO DIVERS\u00c3O AO CUBO<\/p>\n<p>Dado t\u00e9cnicas sado a ser utilizada.<\/p>\n<p>Realize seus fetiches e tenha muito prazer.<\/p>\n<p>Embalagem: Saco pl\u00e1stico PP.<\/p>\n<p>Cont\u00e9m: 02 cubos pl\u00e1sticos 100% PSAI, parte impressas, material gr\u00e1fico, acess\u00f3rio er\u00f3tico.<\/p>\n<p>Modo de lavar: Lave com \u00e1gua e sab\u00e3o neutro.<\/p>\n<p>Regras do jogo: Lance os dados, domine ou seja submisso ao seu parceiro(a).<br \/>\n&#8220;Quem joga escolhe&#8221; transforma o jador em &#8220;DOMINARDOR&#8221; ou &#8220;SUBMISSO&#8221;!<\/p>\n<p>Prazo de validade: indeterminado.<\/p>\n","protected":false},"excerpt":{"rendered":"<h1><span style=\"color: #ff00ff\">NO PIX R$3,78<\/span><\/h1>\n","protected":false},"featured_media":1914,"comment_status":"open","ping_status":"closed","template":"","meta":[],"product_cat":[98],"product_tag":[],"class_list":{"0":"post-1918","1":"product","2":"type-product","3":"status-publish","4":"has-post-thumbnail","6":"product_cat-brincadeiras","8":"first","9":"instock","10":"sale","11":"shipping-taxable","12":"purchasable","13":"product-type-simple"},"group_of_quantity":0,"min_quantity":0,"max_quantity":"","exclude_order_quantity_value_rules":"no","exclude_category_quantity_rules":"no","combine_variations":"no","_links":{"self":[{"href":"https:\/\/sorvetequente.com.br\/loja\/wp-json\/wp\/v2\/product\/1918","targetHints":{"allow":["GET"]}}],"collection":[{"href":"https:\/\/sorvetequente.com.br\/loja\/wp-json\/wp\/v2\/product"}],"about":[{"href":"https:\/\/sorvetequente.com.br\/loja\/wp-json\/wp\/v2\/types\/product"}],"replies":[{"embeddable":true,"href":"https:\/\/sorvetequente.com.br\/loja\/wp-json\/wp\/v2\/comments?post=1918"}],"wp:featuredmedia":[{"embeddable":true,"href":"https:\/\/sorvetequente.com.br\/loja\/wp-json\/wp\/v2\/media\/1914"}],"wp:attachment":[{"href":"https:\/\/sorvetequente.com.br\/loja\/wp-json\/wp\/v2\/media?parent=1918"}],"wp:term":[{"taxonomy":"product_cat","embeddable":true,"href":"https:\/\/sorvetequente.com.br\/loja\/wp-json\/wp\/v2\/product_cat?post=1918"},{"taxonomy":"product_tag","embeddable":true,"href":"https:\/\/sorvetequente.com.br\/loja\/wp-json\/wp\/v2\/product_tag?post=1918"}],"curies":[{"name":"wp","href":"https:\/\/api.w.org\/{rel}","templated":true}]}}