{"id":1909,"date":"2023-05-02T15:23:26","date_gmt":"2023-05-02T18:23:26","guid":{"rendered":"https:\/\/sorvetequente.com.br\/loja\/?post_type=product&#038;p=1909"},"modified":"2026-02-14T19:37:51","modified_gmt":"2026-02-14T22:37:51","slug":"cubos-do-amor-hot-duplo","status":"publish","type":"product","link":"https:\/\/sorvetequente.com.br\/loja\/product\/cubos-do-amor-hot-duplo\/","title":{"rendered":"Cubos do amor hot duplo"},"content":{"rendered":"<p>Jogo para adultos contendo 02 cubos, sendo 01 com varia\u00e7\u00f5es sexuais e outro com lugares para a pr\u00e1tica.Dadinho embalado em exclusiva caixinha &#8220;porta cubo&#8221; com adesivo personalizado.<\/p>\n<p>Cont\u00e9m 02 dados:<\/p>\n<p>1- Varia\u00e7\u00f5es sexuais: Sexo oral, 69, Sexo tradicional, Excitar, Sexo anal e um Coringa.<br \/>\n2- Lugares para pr\u00e1tica: Sof\u00e1, Ch\u00e3o, Cozinha, Chuveiro, Quarto e um Coringa.<\/p>\n","protected":false},"excerpt":{"rendered":"<h1><span style=\"color: #ff00ff\">NO PIX R$3,85<\/span><\/h1>\n","protected":false},"featured_media":1910,"comment_status":"open","ping_status":"closed","template":"","meta":[],"product_cat":[98],"product_tag":[],"class_list":{"0":"post-1909","1":"product","2":"type-product","3":"status-publish","4":"has-post-thumbnail","6":"product_cat-brincadeiras","8":"first","9":"instock","10":"sale","11":"shipping-taxable","12":"purchasable","13":"product-type-simple"},"group_of_quantity":0,"min_quantity":0,"max_quantity":"","exclude_order_quantity_value_rules":"no","exclude_category_quantity_rules":"no","combine_variations":"no","_links":{"self":[{"href":"https:\/\/sorvetequente.com.br\/loja\/wp-json\/wp\/v2\/product\/1909","targetHints":{"allow":["GET"]}}],"collection":[{"href":"https:\/\/sorvetequente.com.br\/loja\/wp-json\/wp\/v2\/product"}],"about":[{"href":"https:\/\/sorvetequente.com.br\/loja\/wp-json\/wp\/v2\/types\/product"}],"replies":[{"embeddable":true,"href":"https:\/\/sorvetequente.com.br\/loja\/wp-json\/wp\/v2\/comments?post=1909"}],"wp:featuredmedia":[{"embeddable":true,"href":"https:\/\/sorvetequente.com.br\/loja\/wp-json\/wp\/v2\/media\/1910"}],"wp:attachment":[{"href":"https:\/\/sorvetequente.com.br\/loja\/wp-json\/wp\/v2\/media?parent=1909"}],"wp:term":[{"taxonomy":"product_cat","embeddable":true,"href":"https:\/\/sorvetequente.com.br\/loja\/wp-json\/wp\/v2\/product_cat?post=1909"},{"taxonomy":"product_tag","embeddable":true,"href":"https:\/\/sorvetequente.com.br\/loja\/wp-json\/wp\/v2\/product_tag?post=1909"}],"curies":[{"name":"wp","href":"https:\/\/api.w.org\/{rel}","templated":true}]}}