{"id":1861,"date":"2023-05-01T18:48:28","date_gmt":"2023-05-01T21:48:28","guid":{"rendered":"https:\/\/sorvetequente.com.br\/loja\/?post_type=product&#038;p=1861"},"modified":"2025-02-10T00:07:49","modified_gmt":"2025-02-10T03:07:49","slug":"duramais-for-men-gel-retardante-masculino-18ml-for-sexy","status":"publish","type":"product","link":"https:\/\/sorvetequente.com.br\/loja\/product\/duramais-for-men-gel-retardante-masculino-18ml-for-sexy\/","title":{"rendered":"DURAMAIS FOR MEN GEL RETARDANTE MASCULINO 18ML FOR SEXY"},"content":{"rendered":"<p><strong>Duramais\u00a0<\/strong>\u00e9 um prolongador\u00a0<strong>masculino\u00a0<\/strong>perfeito para homens que procuram por algo para\u00a0<strong>alongar\u00a0<\/strong>as suas noites com mais excita\u00e7\u00e3o e\u00a0<strong>prazer<\/strong>, e foi pensando nisso que a\u00a0<strong>For Sexy\u00a0<\/strong>desenvolveu o\u00a0<strong>retardante<\/strong>, que como o nome j\u00e1 diz, durar\u00e1 muito mais.<\/p>\n<p>&nbsp;<\/p>\n<h3><strong>Para que serve o gel Duramais da For Sexy?<\/strong><\/h3>\n<p>&nbsp;<\/p>\n<p>O Retardante serve para aqueles que possuem algum tra\u00e7o de ejacula\u00e7\u00e3o precoce, onde ele deixar\u00e1 o p\u00eanis mais\u00a0<strong>r\u00edgido\u00a0<\/strong>e\u00a0<strong>firme\u00a0<\/strong>por um tempo\u00a0<strong>prolongado<\/strong>, pois ele ir\u00e1 amenizar a\u00a0<strong>sensibilidade<\/strong>, oferecendo uma rela\u00e7\u00e3o mais duradoura.<\/p>\n<p>&nbsp;<\/p>\n<p>Sem falar que o prazer ser\u00e1 para o casal, tanto para a mulher quanto para o homem, pois ambos ser\u00e3o v\u00edtimas do\u00a0<strong>prazer\u00a0<\/strong>insano que ele ir\u00e1 proporcionar para ambos.<\/p>\n<p>&nbsp;<\/p>\n<h3><strong>Quais os benef\u00edcios do Duramais Retardante?<\/strong><\/h3>\n<p>&nbsp;<\/p>\n<p>\u2022 Inova\u00e7\u00e3o;<\/p>\n<p>\u2022 Delicioso;<\/p>\n<p>\u2022 Prazeroso;<\/p>\n<p>&nbsp;<\/p>\n<h3><strong>Ficha T\u00e9cnica<\/strong><\/h3>\n<p>&nbsp;<\/p>\n<p>\u2022\u00a0<strong>Fun\u00e7\u00e3o:\u00a0<\/strong>Retardar<\/p>\n<p>\u2022\u00a0<strong>Cont\u00e9m:<\/strong>\u00a0Gel 18ml<\/p>\n<p>\u2022\u00a0<strong>Validade:<\/strong>\u00a0Presente na embalagem.<\/p>\n<p>&nbsp;<\/p>\n<h3><strong>Qual a composi\u00e7\u00e3o do Gel?<\/strong><\/h3>\n<p>&nbsp;<\/p>\n<p>O gel \u00e9 composto por: Alcohol, Glycerin, Methylparaben, Propylparaben, Propylene Glycol.<\/p>\n<p>&nbsp;<\/p>\n<h3><strong>Como usar o Duramais da For Sexy?<\/strong><\/h3>\n<p>&nbsp;<\/p>\n<p>Aplique uma quantidade generosa do gel na ponta de seus dedos ou diretamente sobre o p\u00eanis e massageie suavemente at\u00e9 que o membro absorva o produto, oferecendo o efeito desejado.<\/p>\n<p>&nbsp;<\/p>\n<h3><strong>Quais os cuidados e precau\u00e7\u00f5es preciso ter ao usar o Duramais For Men?<\/strong><\/h3>\n<p>&nbsp;<\/p>\n<p>\u2022 N\u00e3o expor a temperatura superior a 50\u00baC;<\/p>\n<p>\u2022 Evita les\u00f5es ou um agravamento de patologias existentes, n\u00e3o utilizar esse produto em zonas inflamadas, inchadas ou em pele com lacera\u00e7\u00f5es;<\/p>\n<p>\u2022 N\u00e3o compartilhe com nenhum outro parceiro;<\/p>\n<p>\u2022 Mantenha fora do alcance de crian\u00e7as;<\/p>\n","protected":false},"excerpt":{"rendered":"<h1><span style=\"color: #ff00ff\">NO PIX R$6,49<\/span><\/h1>\n","protected":false},"featured_media":1862,"comment_status":"open","ping_status":"closed","template":"","meta":[],"product_cat":[37,43],"product_tag":[],"class_list":{"0":"post-1861","1":"product","2":"type-product","3":"status-publish","4":"has-post-thumbnail","6":"product_cat-cosmeticos-e-comestiveis","7":"product_cat-para-ele","9":"first","10":"instock","11":"sale","12":"shipping-taxable","13":"purchasable","14":"product-type-simple"},"group_of_quantity":0,"min_quantity":0,"max_quantity":"","exclude_order_quantity_value_rules":"no","exclude_category_quantity_rules":"no","combine_variations":"no","_links":{"self":[{"href":"https:\/\/sorvetequente.com.br\/loja\/wp-json\/wp\/v2\/product\/1861","targetHints":{"allow":["GET"]}}],"collection":[{"href":"https:\/\/sorvetequente.com.br\/loja\/wp-json\/wp\/v2\/product"}],"about":[{"href":"https:\/\/sorvetequente.com.br\/loja\/wp-json\/wp\/v2\/types\/product"}],"replies":[{"embeddable":true,"href":"https:\/\/sorvetequente.com.br\/loja\/wp-json\/wp\/v2\/comments?post=1861"}],"wp:featuredmedia":[{"embeddable":true,"href":"https:\/\/sorvetequente.com.br\/loja\/wp-json\/wp\/v2\/media\/1862"}],"wp:attachment":[{"href":"https:\/\/sorvetequente.com.br\/loja\/wp-json\/wp\/v2\/media?parent=1861"}],"wp:term":[{"taxonomy":"product_cat","embeddable":true,"href":"https:\/\/sorvetequente.com.br\/loja\/wp-json\/wp\/v2\/product_cat?post=1861"},{"taxonomy":"product_tag","embeddable":true,"href":"https:\/\/sorvetequente.com.br\/loja\/wp-json\/wp\/v2\/product_tag?post=1861"}],"curies":[{"name":"wp","href":"https:\/\/api.w.org\/{rel}","templated":true}]}}