{"id":1807,"date":"2023-05-01T17:57:49","date_gmt":"2023-05-01T20:57:49","guid":{"rendered":"https:\/\/sorvetequente.com.br\/loja\/?post_type=product&#038;p=1807"},"modified":"2025-10-24T12:37:52","modified_gmt":"2025-10-24T15:37:52","slug":"pika-turbo-gel-retardante-masculino-15g-sexy-fantasy","status":"publish","type":"product","link":"https:\/\/sorvetequente.com.br\/loja\/product\/pika-turbo-gel-retardante-masculino-15g-sexy-fantasy\/","title":{"rendered":"PIKA TURBO GEL RETARDANTE MASCULINO 15G SEXY FANTASY"},"content":{"rendered":"<p>O produto ideal para homens que est\u00e3o altamente\u00a0excitados\u00a0e querem prolongar o \u00e1pice, aproveitando cada segundo de prazer e dos momentos\u00a0quentes\u00a0e\u00a0deliciosos\u00a0juntos de sua parceira (o). Al\u00e9m da fun\u00e7\u00e3o\u00a0retardante, o\u00a0Pika Turbo\u00a0tamb\u00e9m\u00a0aquece\u00a0trazendo aquela sensa\u00e7\u00e3o quente gostosa, fazendo aumentar a\u00a0lubrifica\u00e7\u00e3o\u00a0e tornando o momento mais excitante. \u00a0 Para que serve o Pika Turbo? \u00a0 O\u00a0Pika Turbo\u00a0\u00e9 um Gel Retardante perfeito para homens que desejam durar mais tempo na hora do sexo, fazendo durar muito mais,\u00a0dessensibilizando\u00a0na medida certa e prolongando o prazer, para que possa aproveitar ao m\u00e1ximo cada sensa\u00e7\u00e3o. . \u00a0 Quais os benef\u00edcios que o Gel Retardante oferece? \u00a0 \u2022 Prolonga o prazer; \u2022 Aquece; \u2022 Mais conforto durante a rela\u00e7\u00e3o; \u2022 Noite Intensa. \u00a0 Ficha T\u00e9cnica \u00a0 \u2022\u00a0Cont\u00e9m:\u00a001 Gel RetardanteMasculino 15g \u2022\u00a0Embalagem:\u00a0Caixa \u2022\u00a0Validade:\u00a0Presente na embalagem. \u00a0 Qual a composi\u00e7\u00e3o do Pika Turbo? \u00a0 \u00c1gua, glicerina, espessante (hidroxietilcelulose), conservante, sequestrante de metais, eugenol, \u00e1lcool et\u00edlico, \u00f3leo essencial de cravo, aroma de canela e corante azul brilhante. \u00a0 Como usar o Pika Turbo da Sexy Fantasy? \u00a0 Coloque uma pequena quantidade sobre os dedos, aplique sob a extens\u00e3o do \u00f3rg\u00e3o massageando suavemente, e aproveite cada sensa\u00e7\u00e3o deliciosa que ele ir\u00e1 provocar. \u00a0 Quais cuidados e precau\u00e7\u00f5es preciso ter ao usar o Gel Pika Turbo? \u2022 N\u00e3o expor a temperaturas maiores que 50\u00b0; \u2022 Evite les\u00f5es ou agravamento de patologias j\u00e1 existentes, n\u00e3o utilize em zonas inflamadas, inchadas, ou com lacera\u00e7\u00f5es; \u2022 N\u00e3o compartilhe com nenhum outro parceiro; \u00a0 Precau\u00e7\u00e3o: \u00a0 \u2022 Mantenha fora do alcance de crian\u00e7as;<\/p>\n","protected":false},"excerpt":{"rendered":"<h1><span style=\"color: #ff00ff\">NO PIX R$6,89<\/span><\/h1>\n","protected":false},"featured_media":1808,"comment_status":"open","ping_status":"closed","template":"","meta":[],"product_cat":[37,43],"product_tag":[],"class_list":{"0":"post-1807","1":"product","2":"type-product","3":"status-publish","4":"has-post-thumbnail","6":"product_cat-cosmeticos-e-comestiveis","7":"product_cat-para-ele","9":"first","10":"instock","11":"sale","12":"shipping-taxable","13":"purchasable","14":"product-type-simple"},"group_of_quantity":0,"min_quantity":0,"max_quantity":"","exclude_order_quantity_value_rules":"no","exclude_category_quantity_rules":"no","combine_variations":"no","_links":{"self":[{"href":"https:\/\/sorvetequente.com.br\/loja\/wp-json\/wp\/v2\/product\/1807","targetHints":{"allow":["GET"]}}],"collection":[{"href":"https:\/\/sorvetequente.com.br\/loja\/wp-json\/wp\/v2\/product"}],"about":[{"href":"https:\/\/sorvetequente.com.br\/loja\/wp-json\/wp\/v2\/types\/product"}],"replies":[{"embeddable":true,"href":"https:\/\/sorvetequente.com.br\/loja\/wp-json\/wp\/v2\/comments?post=1807"}],"wp:featuredmedia":[{"embeddable":true,"href":"https:\/\/sorvetequente.com.br\/loja\/wp-json\/wp\/v2\/media\/1808"}],"wp:attachment":[{"href":"https:\/\/sorvetequente.com.br\/loja\/wp-json\/wp\/v2\/media?parent=1807"}],"wp:term":[{"taxonomy":"product_cat","embeddable":true,"href":"https:\/\/sorvetequente.com.br\/loja\/wp-json\/wp\/v2\/product_cat?post=1807"},{"taxonomy":"product_tag","embeddable":true,"href":"https:\/\/sorvetequente.com.br\/loja\/wp-json\/wp\/v2\/product_tag?post=1807"}],"curies":[{"name":"wp","href":"https:\/\/api.w.org\/{rel}","templated":true}]}}