{"id":1804,"date":"2023-05-01T17:54:27","date_gmt":"2023-05-01T20:54:27","guid":{"rendered":"https:\/\/sorvetequente.com.br\/loja\/?post_type=product&#038;p=1804"},"modified":"2026-03-27T18:36:16","modified_gmt":"2026-03-27T21:36:16","slug":"volume-maximo-gel-sensibilizante-sexy-fantasy","status":"publish","type":"product","link":"https:\/\/sorvetequente.com.br\/loja\/product\/volume-maximo-gel-sensibilizante-sexy-fantasy\/","title":{"rendered":"VOLUME M\u00c1XIMO GEL SENSIBILIZANTE SEXY FANTASY"},"content":{"rendered":"<p>O\u00a0<strong>Volume M\u00e1ximo\u00a0<\/strong>ajuda a estimular o incha\u00e7o da regi\u00e3o peniana, dando a sensa\u00e7\u00e3o de\u00a0<strong>aumento\u00a0<\/strong>das dimens\u00f5es do membro aumentando a\u00a0<strong>autoestima\u00a0<\/strong>e proporcionando mais\u00a0<strong>vigor\u00a0<\/strong>e\u00a0<strong>excita\u00e7\u00e3o<\/strong>, deixando a noite ainda mais quente e com muito mais\u00a0<strong>tes\u00e3o<\/strong>.<\/p>\n<p>&nbsp;<\/p>\n<h3><strong>Para que serve o Volume M\u00e1ximo?<\/strong><\/h3>\n<p>&nbsp;<\/p>\n<p>O\u00a0<strong>Volume M\u00e1ximo\u00a0<\/strong>\u00e9 um\u00a0<strong>gel sensibilizante\u00a0<\/strong>que aumenta a\u00a0<strong>sensibilidade\u00a0<\/strong>e a\u00a0<strong>excita\u00e7\u00e3o\u00a0<\/strong>do homem, possui a\u00e7\u00e3o\u00a0<strong>vasodilatadora\u00a0<\/strong>que d\u00e1 a sensa\u00e7\u00e3o de incha\u00e7o no p\u00eanis e aumentando o enrijecimento.<br \/>\nEle possui\u00a0<strong>Extrato de Damiana\u00a0<\/strong>que \u00e9 um estimulante sexual\u00a0<strong>afrodis\u00edaco<\/strong>, e extrato de\u00a0<strong>ginseng\u00a0<\/strong>que ajuda a aumentar a pot\u00eancia proporcionando mais\u00a0<strong>vitalidade\u00a0<\/strong>durante o ato sexual.<\/p>\n<p>&nbsp;<\/p>\n<h3><strong>Quais os benef\u00edcios que o Gel Sensibilizante oferece?<\/strong><\/h3>\n<p>&nbsp;<\/p>\n<p>\u2022 Aumenta a excita\u00e7\u00e3o;<\/p>\n<p>\u2022 Estimula o vigor masculino;<\/p>\n<p>\u2022 Momentos quentes;<\/p>\n<p>\u2022 Sensa\u00e7\u00e3o de aquecimento..<\/p>\n<p>&nbsp;<\/p>\n<h3><strong>Ficha T\u00e9cnica<\/strong><\/h3>\n<p>&nbsp;<\/p>\n<p>\u2022\u00a0<strong>Cont\u00e9m:\u00a0<\/strong>01 Gel Sensibilizante 15g<\/p>\n<p>\u2022\u00a0<strong>Embalagem:<\/strong>\u00a0Caixa<\/p>\n<p>\u2022\u00a0<strong>Validade:\u00a0<\/strong>Presente na embalagem.<\/p>\n<p>&nbsp;<\/p>\n<h3><strong>Qual a composi\u00e7\u00e3o do Volume M\u00e1ximo?<\/strong><\/h3>\n<p>&nbsp;<\/p>\n<p>O Volume M\u00e1ximo da Sexy Fantasy \u00e9 composto por \u00c1gua, EDTA Diss\u00f3dico, Imidazolidinil Ureia, Glicerina, Hidroxietilcelulose, Propilenoglicol, \u00c1lcool Et\u00edlico, Mentol, Extrato de Damiana, Extrato de Ginseng, \u00d3leo Essencial de Cravo, Corante Vermelho Ponceau.<\/p>\n<p>&nbsp;<\/p>\n<h3><strong>Como usar o Volume M\u00e1ximo da Sexy Fantasy?<\/strong><\/h3>\n<p>&nbsp;<\/p>\n<p>Coloque uma pequena quantidade sobre os dedos, aplique sob o local massageando suavemente, e aproveite cada sensa\u00e7\u00e3o deliciosa que ele ir\u00e1 provocar.<\/p>\n<p>&nbsp;<\/p>\n<h3><strong>Quais cuidados e precau\u00e7\u00f5es preciso ter ao usar o Gel ?<\/strong><\/h3>\n<p>&nbsp;<\/p>\n<p>\u2022 N\u00e3o expor a temperaturas maiores que 50\u00b0;<\/p>\n<p>\u2022 Evite les\u00f5es ou agravamento de patologias j\u00e1 existentes, n\u00e3o utilize em zonas inflamadas, inchadas, ou com lacera\u00e7\u00f5es;<\/p>\n<p>\u2022 N\u00e3o compartilhe com nenhum outro parceiro;<\/p>\n<p>&nbsp;<\/p>\n<p><strong>Precau\u00e7\u00e3o:<\/strong><\/p>\n<p>&nbsp;<\/p>\n<p>\u2022 Mantenha fora do alcance de crian\u00e7as;<\/p>\n","protected":false},"excerpt":{"rendered":"<h1><span style=\"color: #ff00ff\">NO PIX R$8,49<\/span><\/h1>\n","protected":false},"featured_media":1805,"comment_status":"open","ping_status":"closed","template":"","meta":[],"product_cat":[37,43],"product_tag":[],"class_list":{"0":"post-1804","1":"product","2":"type-product","3":"status-publish","4":"has-post-thumbnail","6":"product_cat-cosmeticos-e-comestiveis","7":"product_cat-para-ele","9":"first","10":"instock","11":"sale","12":"shipping-taxable","13":"purchasable","14":"product-type-simple"},"group_of_quantity":0,"min_quantity":0,"max_quantity":"","exclude_order_quantity_value_rules":"no","exclude_category_quantity_rules":"no","combine_variations":"no","_links":{"self":[{"href":"https:\/\/sorvetequente.com.br\/loja\/wp-json\/wp\/v2\/product\/1804","targetHints":{"allow":["GET"]}}],"collection":[{"href":"https:\/\/sorvetequente.com.br\/loja\/wp-json\/wp\/v2\/product"}],"about":[{"href":"https:\/\/sorvetequente.com.br\/loja\/wp-json\/wp\/v2\/types\/product"}],"replies":[{"embeddable":true,"href":"https:\/\/sorvetequente.com.br\/loja\/wp-json\/wp\/v2\/comments?post=1804"}],"wp:featuredmedia":[{"embeddable":true,"href":"https:\/\/sorvetequente.com.br\/loja\/wp-json\/wp\/v2\/media\/1805"}],"wp:attachment":[{"href":"https:\/\/sorvetequente.com.br\/loja\/wp-json\/wp\/v2\/media?parent=1804"}],"wp:term":[{"taxonomy":"product_cat","embeddable":true,"href":"https:\/\/sorvetequente.com.br\/loja\/wp-json\/wp\/v2\/product_cat?post=1804"},{"taxonomy":"product_tag","embeddable":true,"href":"https:\/\/sorvetequente.com.br\/loja\/wp-json\/wp\/v2\/product_tag?post=1804"}],"curies":[{"name":"wp","href":"https:\/\/api.w.org\/{rel}","templated":true}]}}