{"id":1800,"date":"2023-05-01T17:51:31","date_gmt":"2023-05-01T20:51:31","guid":{"rendered":"https:\/\/sorvetequente.com.br\/loja\/?post_type=product&#038;p=1800"},"modified":"2025-06-04T22:45:37","modified_gmt":"2025-06-05T01:45:37","slug":"lanca-xanas-gel-excitante-feminino15g-sexy-fantasy","status":"publish","type":"product","link":"https:\/\/sorvetequente.com.br\/loja\/product\/lanca-xanas-gel-excitante-feminino15g-sexy-fantasy\/","title":{"rendered":"LAN\u00c7A XANAS GEL EXCITANTE FEMININO15G SEXY FANTASY"},"content":{"rendered":"<p>Querendo dar aquela esquentada na cama e deixar o moz\u00e3o suando de tanto prazer, \u00e9 s\u00f3 aliar o\u00a0<strong>Lan\u00e7a Xanas\u00a0<\/strong>com sua performance na cama que ele n\u00e3o vai resistir a tanto\u00a0<strong>tes\u00e3o<\/strong>.<\/p>\n<p>&nbsp;<\/p>\n<p>A hora H nunca mais ser\u00e1 a mesma com esse excitante, ela vai te deixar completamente\u00a0<strong>excitada\u00a0<\/strong>e te far\u00e1 sentir sensa\u00e7\u00f5es\u00a0<strong>deliciosas<\/strong>.<\/p>\n<p>&nbsp;<\/p>\n<h3><strong>Para que serve o Lan\u00e7a Xanas?<\/strong><\/h3>\n<p>&nbsp;<\/p>\n<p>O\u00a0<strong>Lan\u00e7a Xanas\u00a0<\/strong>da\u00a0<strong>Sexy Fantasy\u00a0<\/strong>\u00e9 o produto ideal para mulheres que querem aumentar a excita\u00e7\u00e3o, e estimular o\u00a0<strong>prazer\u00a0<\/strong>na hora do sexo. Com ele voc\u00ea tem sensa\u00e7\u00f5es\u00a0<strong>eletrizantes\u00a0<\/strong>de pequenos choquinhos que v\u00e3o te deixar com ainda mais vontade de transar, e uma sensa\u00e7\u00e3o de\u00a0<strong>calor\u00a0<\/strong>gostosa, te deixando ainda mais excitada.<\/p>\n<p>&nbsp;<\/p>\n<h3><strong>Quais os benef\u00edcios que o Gel Excitante oferece?<\/strong><\/h3>\n<p>&nbsp;<\/p>\n<p>\u2022 Excitante;<\/p>\n<p>\u2022 Sensa\u00e7\u00e3o de Vibra\u00e7\u00e3o;<\/p>\n<p>\u2022 Momentos quentes;<\/p>\n<p>\u2022 Deliciosas sensa\u00e7\u00f5es.<\/p>\n<p>&nbsp;<\/p>\n<h3><strong>Ficha T\u00e9cnica<\/strong><\/h3>\n<p>&nbsp;<\/p>\n<p>\u2022\u00a0<strong>Cont\u00e9m:\u00a0<\/strong>01 Gel Excitante Feminino 15g<\/p>\n<p>\u2022\u00a0<strong>Embalagem:<\/strong>\u00a0Caixa<\/p>\n<p>\u2022\u00a0<strong>Validade:\u00a0<\/strong>Presente na embalagem.<\/p>\n<p>&nbsp;<\/p>\n<h3><strong>Qual a composi\u00e7\u00e3o do Lan\u00e7a Xanas?<\/strong><\/h3>\n<p>&nbsp;<\/p>\n<p>O Lan\u00e7a Xanas da Sexy Fantasy \u00e9 composto por \u00c1gua, EDTA Diss\u00f3dico, Carbopol, Monoetanolamina, Aroma, Eugenol, Corante Amarelo Tartrazina, Extrato de Jambu.<\/p>\n<p>&nbsp;<\/p>\n<h3><strong>Como usar o Lan\u00e7a Xanas da Sexy Fantasy?<\/strong><\/h3>\n<p>&nbsp;<\/p>\n<p>Coloque uma pequena quantidade sobre os dedos, aplique sob o local massageando suavemente, e aproveite cada sensa\u00e7\u00e3o deliciosa que ele ir\u00e1 provocar.<\/p>\n<p>&nbsp;<\/p>\n<h3><strong>Quais cuidados e precau\u00e7\u00f5es preciso ter ao usar o Gel ?<\/strong><\/h3>\n<p>&nbsp;<\/p>\n<p>\u2022 N\u00e3o expor a temperaturas maiores que 50\u00b0;<\/p>\n<p>\u2022 Evite les\u00f5es ou agravamento de patologias j\u00e1 existentes, n\u00e3o utilize em zonas inflamadas, inchadas, ou com lacera\u00e7\u00f5es;<\/p>\n<p>\u2022 N\u00e3o compartilhe com nenhum outro parceiro;<\/p>\n<p>&nbsp;<\/p>\n<p><strong>Precau\u00e7\u00e3o:<\/strong><\/p>\n<p>&nbsp;<\/p>\n<p>\u2022 Mantenha fora do alcance de crian\u00e7as<\/p>\n","protected":false},"excerpt":{"rendered":"<h1><span style=\"color: #ff00ff\">NO PIX R$8,49<\/span><\/h1>\n","protected":false},"featured_media":1801,"comment_status":"open","ping_status":"closed","template":"","meta":[],"product_cat":[37,16],"product_tag":[],"class_list":{"0":"post-1800","1":"product","2":"type-product","3":"status-publish","4":"has-post-thumbnail","6":"product_cat-cosmeticos-e-comestiveis","7":"product_cat-para-ela","9":"first","10":"instock","11":"sale","12":"shipping-taxable","13":"purchasable","14":"product-type-simple"},"group_of_quantity":0,"min_quantity":0,"max_quantity":"","exclude_order_quantity_value_rules":"no","exclude_category_quantity_rules":"no","combine_variations":"no","_links":{"self":[{"href":"https:\/\/sorvetequente.com.br\/loja\/wp-json\/wp\/v2\/product\/1800","targetHints":{"allow":["GET"]}}],"collection":[{"href":"https:\/\/sorvetequente.com.br\/loja\/wp-json\/wp\/v2\/product"}],"about":[{"href":"https:\/\/sorvetequente.com.br\/loja\/wp-json\/wp\/v2\/types\/product"}],"replies":[{"embeddable":true,"href":"https:\/\/sorvetequente.com.br\/loja\/wp-json\/wp\/v2\/comments?post=1800"}],"wp:featuredmedia":[{"embeddable":true,"href":"https:\/\/sorvetequente.com.br\/loja\/wp-json\/wp\/v2\/media\/1801"}],"wp:attachment":[{"href":"https:\/\/sorvetequente.com.br\/loja\/wp-json\/wp\/v2\/media?parent=1800"}],"wp:term":[{"taxonomy":"product_cat","embeddable":true,"href":"https:\/\/sorvetequente.com.br\/loja\/wp-json\/wp\/v2\/product_cat?post=1800"},{"taxonomy":"product_tag","embeddable":true,"href":"https:\/\/sorvetequente.com.br\/loja\/wp-json\/wp\/v2\/product_tag?post=1800"}],"curies":[{"name":"wp","href":"https:\/\/api.w.org\/{rel}","templated":true}]}}