{"id":1794,"date":"2023-05-01T17:42:51","date_gmt":"2023-05-01T20:42:51","guid":{"rendered":"https:\/\/sorvetequente.com.br\/loja\/?post_type=product&#038;p=1794"},"modified":"2026-02-04T11:53:12","modified_gmt":"2026-02-04T14:53:12","slug":"indolor-gel-dessensibilizante-anal-15g-sexy-fantasy","status":"publish","type":"product","link":"https:\/\/sorvetequente.com.br\/loja\/product\/indolor-gel-dessensibilizante-anal-15g-sexy-fantasy\/","title":{"rendered":"Indolor Gel Dessensibilizante Anal 15G Sexy Fantasy"},"content":{"rendered":"<p>O<strong>\u00a0InDolor\u00a0<\/strong>\u00e9 ideal para promover uma conex\u00e3o maior entre o casal, permitindo que possam explorar novas\u00a0<strong>sensa\u00e7\u00f5es\u00a0<\/strong>e se aventurar com novas posi\u00e7\u00f5es sem que haja desconforto, pois ele possui a\u00e7\u00e3o\u00a0<strong>dessensibilizante\u00a0<\/strong>e\u00a0<strong>lubrifica\u00a0<\/strong>o local aplicado, sendo ideal para a pr\u00e1tica\u00a0<strong>anal<\/strong>.<br \/>\nTraga mais\u00a0<strong>intensidade\u00a0<\/strong>para a cama sem sentir dor, e explorando novos\u00a0<strong>prazeres\u00a0<\/strong>e sensa\u00e7\u00f5es.<\/p>\n<p><strong>Para que serve o Indolor?<\/strong><\/p>\n<p>O\u00a0<strong>InDolor\u00a0<\/strong>\u00e9 um dessensibilizante que auxilia na pratica do sexo anal, ajudando na\u00a0<strong>diminui\u00e7\u00e3o\u00a0<\/strong>dos desconfortos causados na hora da penetera\u00e7\u00e3o,\u00a0<strong>lubrificando\u00a0<\/strong>a regi\u00e3o, ele possui\u00a0<strong>Extrato de Aloe Vera\u00a0<\/strong>que ajuda a\u00a0<strong>hidratar\u00a0<\/strong>e proteger os tecidos, atua como suavizante,\u00a0<strong>cicatrizante\u00a0<\/strong>e ajuda a reduzir inflama\u00e7\u00f5es e les\u00f5es.<\/p>\n<p><strong>Quais os benef\u00edcios que o Gel Dessensibilizante oferece?<\/strong><\/p>\n<p>\u2022 Com Aloe vera;<\/p>\n<p>\u2022 Mais conforto na Hora H;<\/p>\n<p>\u2022 Cicatrizante;<\/p>\n<p>\u2022 Hidratante.<\/p>\n<p><strong>Ficha T\u00e9cnica<\/strong><\/p>\n<p>\u2022\u00a0<strong>Cont\u00e9m:\u00a0<\/strong>01 Gel Dessensibilizante 15g<\/p>\n<p>\u2022\u00a0<strong>Embalagem:<\/strong>\u00a0Caixa<\/p>\n<p>\u2022\u00a0<strong>Validade:\u00a0<\/strong>Presente na embalagem.<\/p>\n<p><strong>Qual a composi\u00e7\u00e3o do Indolor?<\/strong><\/p>\n<p>O Indolor da Sexy Fantasy \u00e9 composto por \u00c1gua, Glicerina Bi-destilada, Extrato Glic\u00f3lico de Aloe Vera, Eugenol, Hidroxietilcelulose, Imidazolidinil Ureia, EDTA Diss\u00f3dico..<\/p>\n<p><strong>Como usar o Indolor da Sexy Fantasy?<\/strong><\/p>\n<p>Coloque uma pequena quantidade sobre os dedos, aplique sob o local massageando suavemente, e aproveite cada sensa\u00e7\u00e3o deliciosa que ele ir\u00e1 provocar.<\/p>\n<p><strong>Quais cuidados e precau\u00e7\u00f5es preciso ter ao usar o Gel ?<\/strong><\/p>\n<p>\u2022 N\u00e3o expor a temperaturas maiores que 50\u00b0;<\/p>\n<p>\u2022 Evite les\u00f5es ou agravamento de patologias j\u00e1 existentes, n\u00e3o utilize em zonas inflamadas, inchadas, ou com lacera\u00e7\u00f5es;<\/p>\n<p>\u2022 N\u00e3o compartilhe com nenhum outro parceiro;<\/p>\n<p><strong>Precau\u00e7\u00e3o:<\/strong><\/p>\n<p>\u2022 Mantenha fora do alcance de crian\u00e7as;<\/p>\n","protected":false},"excerpt":{"rendered":"<h1><span style=\"color: #ff00ff\">NO PIX R$8,29<\/span><\/h1>\n","protected":false},"featured_media":5326,"comment_status":"open","ping_status":"closed","template":"","meta":[],"product_cat":[37,66,134],"product_tag":[],"class_list":{"0":"post-1794","1":"product","2":"type-product","3":"status-publish","4":"has-post-thumbnail","6":"product_cat-cosmeticos-e-comestiveis","7":"product_cat-promocao-relampago","8":"product_cat-sexo-anal","10":"first","11":"instock","12":"sale","13":"shipping-taxable","14":"purchasable","15":"product-type-simple"},"group_of_quantity":0,"min_quantity":0,"max_quantity":"","exclude_order_quantity_value_rules":"no","exclude_category_quantity_rules":"no","combine_variations":"no","_links":{"self":[{"href":"https:\/\/sorvetequente.com.br\/loja\/wp-json\/wp\/v2\/product\/1794","targetHints":{"allow":["GET"]}}],"collection":[{"href":"https:\/\/sorvetequente.com.br\/loja\/wp-json\/wp\/v2\/product"}],"about":[{"href":"https:\/\/sorvetequente.com.br\/loja\/wp-json\/wp\/v2\/types\/product"}],"replies":[{"embeddable":true,"href":"https:\/\/sorvetequente.com.br\/loja\/wp-json\/wp\/v2\/comments?post=1794"}],"wp:featuredmedia":[{"embeddable":true,"href":"https:\/\/sorvetequente.com.br\/loja\/wp-json\/wp\/v2\/media\/5326"}],"wp:attachment":[{"href":"https:\/\/sorvetequente.com.br\/loja\/wp-json\/wp\/v2\/media?parent=1794"}],"wp:term":[{"taxonomy":"product_cat","embeddable":true,"href":"https:\/\/sorvetequente.com.br\/loja\/wp-json\/wp\/v2\/product_cat?post=1794"},{"taxonomy":"product_tag","embeddable":true,"href":"https:\/\/sorvetequente.com.br\/loja\/wp-json\/wp\/v2\/product_tag?post=1794"}],"curies":[{"name":"wp","href":"https:\/\/api.w.org\/{rel}","templated":true}]}}