{"id":1792,"date":"2023-04-27T21:56:59","date_gmt":"2023-04-28T00:56:59","guid":{"rendered":"https:\/\/sorvetequente.com.br\/loja\/?post_type=product&#038;p=1792"},"modified":"2025-10-24T12:37:52","modified_gmt":"2025-10-24T15:37:52","slug":"tesao-de-jegue-estimulante-afrodisiaco-natural-10ml-k-lab","status":"publish","type":"product","link":"https:\/\/sorvetequente.com.br\/loja\/product\/tesao-de-jegue-estimulante-afrodisiaco-natural-10ml-k-lab\/","title":{"rendered":"TES\u00c3O DE JEGUE ESTIMULANTE AFRODIS\u00cdACO NATURAL 10ML K-LAB"},"content":{"rendered":"<p>O\u00a0<strong>excitante Tes\u00e3o de Jegue da K-Lab<\/strong>\u00a0foi criado especialmente para fornecer mais disposi\u00e7\u00e3o para o homem, criado com componentes naturais, ajuda a tornar suas noites mais intensas, prazerosas, n\u00e3o cont\u00e9m gl\u00faten, nem lactose e pode ser consumido com qualquer tipo de bebida, s\u00f3 n\u00e3o indicamos as gasosas. As\u00a0<strong>bebidas afrodis\u00edacas da K-Lab<\/strong>\u00a0s\u00e3o ideais para aumentar sua energia sexual.<\/p>\n<ul>\n<li>O que \u00e9?\u00a0<strong>Bebida estimulante<\/strong><\/li>\n<li>Para que serve? Aumentar o vigor do homem<\/li>\n<li>Qual o diferencial? Desenvolvido com ingredientes naturais e pode ser consumida com qualquer tipo de bebida<\/li>\n<li>Como usar? Beba puro ou misture com o l\u00edquido que mais lhe agradar<\/li>\n<li>O que evitar? N\u00e3o beba com bebidas gaseificadas<\/li>\n<li>Quantidade: 1<\/li>\n<li>Volume: 10ml<\/li>\n<li>Fabricante:\u00a0<strong>K-Lab<\/strong><\/li>\n<\/ul>\n<p>&nbsp;<\/p>\n<h2>Como desfrutar da bebida excitante?<\/h2>\n<p>Usufrua na ocasi\u00e3o que mais lhe agradar e da forma que preferir. Aproveite essa carga extra de energia para tornar a noite bem mais interessante. Surpreenda seu (sua) companheiro (a) e promova uma nova experi\u00eancia. Desfrutem de novas sensa\u00e7\u00f5es e tenham diversos orgasmos juntos. Tornem esse instante inesquec\u00edvel utilizando\u00a0<a href=\"https:\/\/www.gall.com.br\/sex-shop\/sado\/chicotes\" target=\"_blank\" rel=\"noopener\">chicotes<\/a>\u00a0e\u00a0<a href=\"https:\/\/www.gall.com.br\/sex-shop\/brincadeiras\/baralhos\" target=\"_blank\" rel=\"noopener\">baralhos er\u00f3ticos<\/a>.<\/p>\n<h2>O que n\u00e3o fazer ao usar o estimulante?<\/h2>\n<p>N\u00e3o coloque nos olhos, caso aconte\u00e7a lave no mesmo momento com \u00e1gua em abund\u00e2ncia.<\/p>\n<h2>Do que \u00e9 feito o Tes\u00e3o de Jegue?<\/h2>\n<p>O\u00a0<strong>Tes\u00e3o de Jegue da K-Lab<\/strong>\u00a0foi criado com:<\/p>\n<ul>\n<li>A\u00e7a\u00ed<\/li>\n<li>\u00c1gua<\/li>\n<li>Guaran\u00e1 artificial<\/li>\n<li>Taurina<\/li>\n<li>Benzoato<\/li>\n<li>Corante<\/li>\n<li>\u00c1cido asc\u00f3rbico<\/li>\n<\/ul>\n<p>&nbsp;<\/p>\n<h2>Onde armazenar o excitante da K-Lab?<\/h2>\n<p>Guarde em lugar fresco, seco e distante de muita umidade.<\/p>\n<h2>Como vou receber o estimulante da K-Lab?<\/h2>\n<p>Se voc\u00ea tem receio de qualquer pessoa perceber o que adquiriu pela embalagem do item, n\u00e3o precisa ficar receoso (a), n\u00f3s somos bem sigilosos quanto ao despache. Tamb\u00e9m temos extrema cautela ao embalar o produto para que chegue em perfeito estado.<\/p>\n<h2>Quem \u00e9 Gall Atacadista?<\/h2>\n<p><strong>Gall<\/strong>\u00a0\u00e9 um\u00a0<strong>e-commerce<\/strong>\u00a0de Sex shop. Prolongue seus momentos de prazer com o aux\u00edlio de\u00a0<a href=\"https:\/\/www.gall.com.br\/sex-shop\/acessorios\/aneis-penianos\" target=\"_blank\" rel=\"noopener\">an\u00e9is penianos<\/a>.<\/p>\n<h2>Almeja aumentar seu apetite sexual?<\/h2>\n<p>Garanta j\u00e1 seu\u00a0<strong><em>Tes\u00e3o De Jegue Estimulante 10ml K-lab\u00a0<\/em><\/strong>e transforme suas noites em dias repletos de prazer.<\/p>\n","protected":false},"excerpt":{"rendered":"<h1><span style=\"color: #ff00ff\">NO PIX R$2,24<\/span><\/h1>\n","protected":false},"featured_media":1776,"comment_status":"open","ping_status":"closed","template":"","meta":[],"product_cat":[37,43],"product_tag":[],"class_list":{"0":"post-1792","1":"product","2":"type-product","3":"status-publish","4":"has-post-thumbnail","6":"product_cat-cosmeticos-e-comestiveis","7":"product_cat-para-ele","9":"first","10":"instock","11":"sale","12":"shipping-taxable","13":"purchasable","14":"product-type-simple"},"group_of_quantity":0,"min_quantity":0,"max_quantity":"","exclude_order_quantity_value_rules":"no","exclude_category_quantity_rules":"no","combine_variations":"no","_links":{"self":[{"href":"https:\/\/sorvetequente.com.br\/loja\/wp-json\/wp\/v2\/product\/1792","targetHints":{"allow":["GET"]}}],"collection":[{"href":"https:\/\/sorvetequente.com.br\/loja\/wp-json\/wp\/v2\/product"}],"about":[{"href":"https:\/\/sorvetequente.com.br\/loja\/wp-json\/wp\/v2\/types\/product"}],"replies":[{"embeddable":true,"href":"https:\/\/sorvetequente.com.br\/loja\/wp-json\/wp\/v2\/comments?post=1792"}],"wp:featuredmedia":[{"embeddable":true,"href":"https:\/\/sorvetequente.com.br\/loja\/wp-json\/wp\/v2\/media\/1776"}],"wp:attachment":[{"href":"https:\/\/sorvetequente.com.br\/loja\/wp-json\/wp\/v2\/media?parent=1792"}],"wp:term":[{"taxonomy":"product_cat","embeddable":true,"href":"https:\/\/sorvetequente.com.br\/loja\/wp-json\/wp\/v2\/product_cat?post=1792"},{"taxonomy":"product_tag","embeddable":true,"href":"https:\/\/sorvetequente.com.br\/loja\/wp-json\/wp\/v2\/product_tag?post=1792"}],"curies":[{"name":"wp","href":"https:\/\/api.w.org\/{rel}","templated":true}]}}