{"id":1788,"date":"2023-04-27T21:51:40","date_gmt":"2023-04-28T00:51:40","guid":{"rendered":"https:\/\/sorvetequente.com.br\/loja\/?post_type=product&#038;p=1788"},"modified":"2026-01-29T18:33:14","modified_gmt":"2026-01-29T21:33:14","slug":"tesao-de-touro-estimulante-afrodisiaco-natural-10ml-k-lab","status":"publish","type":"product","link":"https:\/\/sorvetequente.com.br\/loja\/product\/tesao-de-touro-estimulante-afrodisiaco-natural-10ml-k-lab\/","title":{"rendered":"TES\u00c3O DE TOURO ESTIMULANTE AFRODIS\u00cdACO NATURAL 10ML K-LAB"},"content":{"rendered":"<h2><\/h2>\n<div class=\"productDescription\">\n<p>O<strong>\u00a0Tes\u00e3o de Jegue\u00a0<\/strong>\u00e9 aquela ajudinha\u00a0<strong>extra\u00a0<\/strong>que o homem precisa para durar uma noite toda depois de um dia cansativo de trabalho.<\/p>\n<p>Ele tem a\u00e7\u00e3o\u00a0<strong>afrodis\u00edaca\u00a0<\/strong>que desperta o apetite sexual do homem e diminui o cansa\u00e7o, dando mais\u00a0<strong>energia\u00a0<\/strong>para surpreender a noite toda com seu desempenho e for\u00e7a<\/p>\n<h3><strong>O Que \u00e9 o Tes\u00e3o de Jegue?<\/strong><\/h3>\n<p>O\u00a0<strong>Tes\u00e3o de Jegue<\/strong>\u00a0\u00e9 um estimulante\u00a0<strong>afrodis\u00edaco\u00a0<\/strong>100%<strong>\u00a0<\/strong>natural da\u00a0<strong>K-Lab<\/strong>, desenvolvido para\u00a0<strong>homens<\/strong>, melhorando a sua\u00a0<strong>performance\u00a0<\/strong>sexual e aumentando\u00a0<strong>tes\u00e3o<\/strong>, dando mais\u00a0<strong>disposi\u00e7\u00e3o\u00a0<\/strong>e diminuindo os sintomas de cansa\u00e7o, des\u00e2nimo e stress.<\/p>\n<p>Com ele voc\u00ea vai ter\u00a0<strong>energia\u00a0<\/strong>a noite toda, sua parceira vai se surpreender com a sua disposi\u00e7\u00e3o e vitalidade.<\/p>\n<h3><strong>O Tes\u00e3o de Jegue funciona?<\/strong><\/h3>\n<p>Ele ajuda a diminuir o cansa\u00e7o e aumenta o<strong>\u00a0apetite sexual<\/strong>, ap\u00f3s tom\u00e1-lo busque fazer coisas que v\u00e3o\u00a0<strong>estimular\u00a0<\/strong>seu prazer, assista v\u00eddeos er\u00f3ticos, use um\u00a0<a href=\"https:\/\/www.miess.com.br\/egg\" target=\"_blank\" rel=\"noopener\">Egg<\/a>, pe\u00e7a um\u00a0<strong>carinho\u00a0<\/strong>especial a sua parceira, para que ajude na estimula\u00e7\u00e3o do produto.<\/p>\n<p>Por ser um produto natural, seu efeito pode variar de organismo para organismo, algumas pessoas podem sentir o efeito de imediato, e outras nem tanto.<\/p>\n<h3><strong>Como tomar o Excitante Tes\u00e3o de Jegue?<\/strong><\/h3>\n<p>O estimulante \u00e9 dose \u00fanica.<br \/>\nPara tom\u00e1-la \u00e9 s\u00f3 ingerir puro, ou diluir em uma bebida de sua prefer\u00eancia.<\/p>\n<p>N\u00e3o cont\u00e9m glut\u00e9n, sem lactose.<\/p>\n<h3><strong>Quais os benef\u00edcios do Tes\u00e3o de Jegue?<\/strong><\/h3>\n<ul>\n<li>\u2022 100% Natural;<\/li>\n<li>\u2022 Estimulante;<\/li>\n<li>\u2022 Disposi\u00e7\u00e3o;<\/li>\n<li>\u2022 Energia;<\/li>\n<\/ul>\n<h3><strong>Ficha T\u00e9cnica<\/strong><\/h3>\n<ul>\n<li>\u2022\u00a0<strong>Cont\u00e9m:<\/strong>\u00a001 frasco com 10ml<\/li>\n<li>\u2022\u00a0<strong>Embalagem:\u00a0<\/strong>Flaconete.<\/li>\n<li>\u2022\u00a0<strong>Validade<\/strong>: Presente na embalagem.<\/li>\n<\/ul>\n<h3><strong>Qual a Composi\u00e7\u00e3o do Excitante?<\/strong><\/h3>\n<p>O energ\u00e9tico \u00e9 composto por a\u00e7a\u00ed,\u00e1gua, guaran\u00e1 artificial, taurina, benzoato, a\u00e7\u00facar e corante.<\/p>\n<h3><strong>Quais cuidados preciso ter ao usar o Estimulante da K-Lab?<\/strong><\/h3>\n<ul>\n<li>\u2022 Conservar em local fresco e arejado, ao abrigo da luz;<\/li>\n<li>\u2022 N\u00e3o \u00e9 um medicamento;<\/li>\n<li>\u2022 Os efeitos podem variar de acordo com cada metabolismo;<\/li>\n<li>\u2022 Gestantes, Nutrizes, Idosos e Portadores de Enfermidades devem consultar um m\u00e9dico antes de consumi-lo.<\/li>\n<\/ul>\n<h3><strong>Recomenda\u00e7\u00f5es:<\/strong><\/h3>\n<ul>\n<li>\u2022 Mantenha fora do alcance de crian\u00e7as;<\/li>\n<li>\u2022 Ap\u00f3s a viola\u00e7\u00e3o do lacre, realizar o consumo de forma imediata.<\/li>\n<\/ul>\n<p><strong>Aten\u00e7\u00e3o:\u00a0<\/strong>Algumas das embalagens podem sofrer altera\u00e7\u00f5es por parte do fornecedor, permanecendo as caracter\u00edsticas do produto, tais como: fun\u00e7\u00e3o, composi\u00e7\u00e3o, peso e quantidade, sem tempo h\u00e1bil para serem atualizadas em nosso site.<\/p>\n<p>Imagens meramente ilustrativas. Visualiza\u00e7\u00f5es em mobile e desktop podem sofrer altera\u00e7\u00f5es de cor.<\/p>\n<\/div>\n","protected":false},"excerpt":{"rendered":"<h1><span style=\"color: #ff00ff\">NO PIX R$2,24<\/span><\/h1>\n","protected":false},"featured_media":1789,"comment_status":"open","ping_status":"closed","template":"","meta":[],"product_cat":[37,43],"product_tag":[],"class_list":{"0":"post-1788","1":"product","2":"type-product","3":"status-publish","4":"has-post-thumbnail","6":"product_cat-cosmeticos-e-comestiveis","7":"product_cat-para-ele","9":"first","10":"instock","11":"sale","12":"shipping-taxable","13":"purchasable","14":"product-type-simple"},"group_of_quantity":0,"min_quantity":0,"max_quantity":"","exclude_order_quantity_value_rules":"no","exclude_category_quantity_rules":"no","combine_variations":"no","_links":{"self":[{"href":"https:\/\/sorvetequente.com.br\/loja\/wp-json\/wp\/v2\/product\/1788","targetHints":{"allow":["GET"]}}],"collection":[{"href":"https:\/\/sorvetequente.com.br\/loja\/wp-json\/wp\/v2\/product"}],"about":[{"href":"https:\/\/sorvetequente.com.br\/loja\/wp-json\/wp\/v2\/types\/product"}],"replies":[{"embeddable":true,"href":"https:\/\/sorvetequente.com.br\/loja\/wp-json\/wp\/v2\/comments?post=1788"}],"wp:featuredmedia":[{"embeddable":true,"href":"https:\/\/sorvetequente.com.br\/loja\/wp-json\/wp\/v2\/media\/1789"}],"wp:attachment":[{"href":"https:\/\/sorvetequente.com.br\/loja\/wp-json\/wp\/v2\/media?parent=1788"}],"wp:term":[{"taxonomy":"product_cat","embeddable":true,"href":"https:\/\/sorvetequente.com.br\/loja\/wp-json\/wp\/v2\/product_cat?post=1788"},{"taxonomy":"product_tag","embeddable":true,"href":"https:\/\/sorvetequente.com.br\/loja\/wp-json\/wp\/v2\/product_tag?post=1788"}],"curies":[{"name":"wp","href":"https:\/\/api.w.org\/{rel}","templated":true}]}}