{"id":1786,"date":"2023-04-27T21:47:59","date_gmt":"2023-04-28T00:47:59","guid":{"rendered":"https:\/\/sorvetequente.com.br\/loja\/?post_type=product&#038;p=1786"},"modified":"2025-10-27T21:01:19","modified_gmt":"2025-10-28T00:01:19","slug":"tesao-de-egua-energetico-afrodisiaco-feminino-10ml-sexy-fantasy","status":"publish","type":"product","link":"https:\/\/sorvetequente.com.br\/loja\/product\/tesao-de-egua-energetico-afrodisiaco-feminino-10ml-sexy-fantasy\/","title":{"rendered":"TESAO DE EGUA ENERGETICO AFRODISIACO FEMININO 10ML SEXY FANTASY"},"content":{"rendered":"<p>Este tes\u00e3o de\u00a0<strong>\u00c9gua\u00a0<\/strong>\u00e9 o mais novo estimulante feminino para aquelas que buscam mais disposi\u00e7\u00e3o em suas noites \u00edntimas ou dias casuais que precisam ainda mais da sua determina\u00e7\u00e3o.<\/p>\n<p>&nbsp;<\/p>\n<p>E pensando nisso a Sexy Fantasy desenvolveu um\u00a0<strong>energ\u00e9tico afrodis\u00edaco\u00a0<\/strong>que far\u00e1 com que os seus instantes sejam ainda mais quentes e intensos. Proporcionando fortes sensa\u00e7\u00f5es de calor em seus momentos \u00edntimos.<\/p>\n<p>&nbsp;<\/p>\n<p><strong>Para que serve o Tes\u00e3o de \u00c9gua da Sexy Fantasy?<\/strong><\/p>\n<p>&nbsp;<\/p>\n<p>O tes\u00e3o de \u00c9gua serve para te oferecer a\u00a0<strong>disposi\u00e7\u00e3o\u00a0<\/strong>que voc\u00ea tanto busca, pois sabemos que com o decorrer do dia-a-dia ficamos ainda mais cansados, e com isso, foi criado o estimulante\u00a0<strong>afrodis\u00edaco\u00a0<\/strong>para os seus momentos de prazer com seu amado(a).<\/p>\n<p>&nbsp;<\/p>\n<p>Para tom\u00e1-lo \u00e9 muito f\u00e1cil,basta apenas mistur\u00e1-lo em qualquer tipo de\u00a0<strong>bebida<\/strong>, sejam elas\u00a0<strong>quentes\u00a0<\/strong>ou\u00a0<strong>frias\u00a0<\/strong>para as melhores sensa\u00e7\u00f5es.<\/p>\n<p>&nbsp;<\/p>\n<p><strong>Quais os benef\u00edcios do Tes\u00e3o de \u00c9gua?<\/strong><\/p>\n<p>&nbsp;<\/p>\n<p>\u2022 Energia;<\/p>\n<p>\u2022 Esquenta;<\/p>\n<p>\u2022 Maior disposi\u00e7\u00e3o;<\/p>\n<p>\u2022 Afrodis\u00edaco natural;<\/p>\n<p>&nbsp;<\/p>\n<p><strong>Ficha T\u00e9cnica<\/strong><\/p>\n<p>&nbsp;<\/p>\n<p>\u2022\u00a0<strong>Cont\u00e9m:<\/strong>\u00a001 tesao de \u00e9gua<\/p>\n<p>\u2022\u00a0<strong>Embalagem:\u00a0<\/strong>Frasco pl\u00e1stico.<\/p>\n<p>\u2022\u00a0<strong>Validade<\/strong>: Presente na embalagem.<\/p>\n<p>&nbsp;<\/p>\n<p><strong>Qual a Composi\u00e7\u00e3o do Energ\u00e9tico?<\/strong><\/p>\n<p>&nbsp;<\/p>\n<p>Refrigerante de Lim\u00e3o, A\u00e7\u00facar, Extrato de Tribulus Terrestris, Extrato de Maca Peruana, \u00c1lcool de Cereais, Taurina, Cafe\u00edna, Neotame, Conservante Benzoato de S\u00f3dio. N\u00c3O CONT\u00c9M GLUTEN. N\u00c3O CONT\u00c9M LACTOSE.<\/p>\n<p>&nbsp;<\/p>\n<p><strong>Como Tomar o Estimulante?<\/strong><\/p>\n<p>&nbsp;<\/p>\n<p>Bebida pronta para consumo. Dose \u00fanica. Beba quente ou gelado.<\/p>\n","protected":false},"excerpt":{"rendered":"<h1><span style=\"color: #ff00ff\">NO PIX R$2,84<\/span><\/h1>\n","protected":false},"featured_media":1779,"comment_status":"open","ping_status":"closed","template":"","meta":[],"product_cat":[37,16],"product_tag":[],"class_list":{"0":"post-1786","1":"product","2":"type-product","3":"status-publish","4":"has-post-thumbnail","6":"product_cat-cosmeticos-e-comestiveis","7":"product_cat-para-ela","9":"first","10":"instock","11":"sale","12":"shipping-taxable","13":"purchasable","14":"product-type-simple"},"group_of_quantity":0,"min_quantity":0,"max_quantity":"","exclude_order_quantity_value_rules":"no","exclude_category_quantity_rules":"no","combine_variations":"no","_links":{"self":[{"href":"https:\/\/sorvetequente.com.br\/loja\/wp-json\/wp\/v2\/product\/1786","targetHints":{"allow":["GET"]}}],"collection":[{"href":"https:\/\/sorvetequente.com.br\/loja\/wp-json\/wp\/v2\/product"}],"about":[{"href":"https:\/\/sorvetequente.com.br\/loja\/wp-json\/wp\/v2\/types\/product"}],"replies":[{"embeddable":true,"href":"https:\/\/sorvetequente.com.br\/loja\/wp-json\/wp\/v2\/comments?post=1786"}],"wp:featuredmedia":[{"embeddable":true,"href":"https:\/\/sorvetequente.com.br\/loja\/wp-json\/wp\/v2\/media\/1779"}],"wp:attachment":[{"href":"https:\/\/sorvetequente.com.br\/loja\/wp-json\/wp\/v2\/media?parent=1786"}],"wp:term":[{"taxonomy":"product_cat","embeddable":true,"href":"https:\/\/sorvetequente.com.br\/loja\/wp-json\/wp\/v2\/product_cat?post=1786"},{"taxonomy":"product_tag","embeddable":true,"href":"https:\/\/sorvetequente.com.br\/loja\/wp-json\/wp\/v2\/product_tag?post=1786"}],"curies":[{"name":"wp","href":"https:\/\/api.w.org\/{rel}","templated":true}]}}