{"id":1766,"date":"2023-04-27T14:57:27","date_gmt":"2023-04-27T17:57:27","guid":{"rendered":"https:\/\/sorvetequente.com.br\/loja\/?post_type=product&#038;p=1766"},"modified":"2026-03-05T23:38:29","modified_gmt":"2026-03-06T02:38:29","slug":"tesao-de-touro-afrodisiaco-natural-10ml-sexy-fantasy","status":"publish","type":"product","link":"https:\/\/sorvetequente.com.br\/loja\/product\/tesao-de-touro-afrodisiaco-natural-10ml-sexy-fantasy\/","title":{"rendered":"TES\u00c3O DE TOURO AFRODIS\u00cdACO NATURAL 10ML SEXY FANTASY"},"content":{"rendered":"<p>O\u00a0<strong>Tes\u00e3o de Touro<\/strong>\u00a0\u00e9 ideal para aquele homem que precisa aumentar o apetite sexual para surpreender a parceira(o) na cama!<\/p>\n<p>&nbsp;<\/p>\n<p>Ele consiste em um\u00a0<strong>poderoso estimulante afrodis\u00edaco natural\u00a0<\/strong>que d\u00e1 mais energia para aguentar uma noite de prazer. Experimente e tenha uma experi\u00eancia como nenhuma outra.<\/p>\n<p>&nbsp;<\/p>\n<h3><strong>Ficha T\u00e9cnica<\/strong><\/h3>\n<p>&nbsp;<\/p>\n<p>Cont\u00e9m: 10ml.<\/p>\n<p>&nbsp;<\/p>\n<p>Fun\u00e7\u00e3o: Energ\u00e9tico estimulante afrodis\u00edaco natural<\/p>\n<p>&nbsp;<\/p>\n<h3><strong>Como usar o tes\u00e3o de touro?<\/strong><\/h3>\n<p>&nbsp;<\/p>\n<p>Rompa o lacre e ingira da maneira que achar melhor. Pode ser tomado puro ou misturado em sua bebida preferida.<\/p>\n","protected":false},"excerpt":{"rendered":"<h1><span style=\"color: #ff00ff\">NO PIX R$2,84<\/span><\/h1>\n","protected":false},"featured_media":1783,"comment_status":"open","ping_status":"closed","template":"","meta":[],"product_cat":[37,43],"product_tag":[],"class_list":{"0":"post-1766","1":"product","2":"type-product","3":"status-publish","4":"has-post-thumbnail","6":"product_cat-cosmeticos-e-comestiveis","7":"product_cat-para-ele","9":"first","10":"instock","11":"sale","12":"shipping-taxable","13":"purchasable","14":"product-type-simple"},"group_of_quantity":0,"min_quantity":0,"max_quantity":"","exclude_order_quantity_value_rules":"no","exclude_category_quantity_rules":"no","combine_variations":"no","_links":{"self":[{"href":"https:\/\/sorvetequente.com.br\/loja\/wp-json\/wp\/v2\/product\/1766","targetHints":{"allow":["GET"]}}],"collection":[{"href":"https:\/\/sorvetequente.com.br\/loja\/wp-json\/wp\/v2\/product"}],"about":[{"href":"https:\/\/sorvetequente.com.br\/loja\/wp-json\/wp\/v2\/types\/product"}],"replies":[{"embeddable":true,"href":"https:\/\/sorvetequente.com.br\/loja\/wp-json\/wp\/v2\/comments?post=1766"}],"wp:featuredmedia":[{"embeddable":true,"href":"https:\/\/sorvetequente.com.br\/loja\/wp-json\/wp\/v2\/media\/1783"}],"wp:attachment":[{"href":"https:\/\/sorvetequente.com.br\/loja\/wp-json\/wp\/v2\/media?parent=1766"}],"wp:term":[{"taxonomy":"product_cat","embeddable":true,"href":"https:\/\/sorvetequente.com.br\/loja\/wp-json\/wp\/v2\/product_cat?post=1766"},{"taxonomy":"product_tag","embeddable":true,"href":"https:\/\/sorvetequente.com.br\/loja\/wp-json\/wp\/v2\/product_tag?post=1766"}],"curies":[{"name":"wp","href":"https:\/\/api.w.org\/{rel}","templated":true}]}}