{"id":1691,"date":"2023-04-26T16:02:12","date_gmt":"2023-04-26T19:02:12","guid":{"rendered":"https:\/\/sorvetequente.com.br\/loja\/?post_type=product&#038;p=1691"},"modified":"2025-07-05T17:06:55","modified_gmt":"2025-07-05T20:06:55","slug":"gotas-love-energy-energetico-estimulante-10ml","status":"publish","type":"product","link":"https:\/\/sorvetequente.com.br\/loja\/product\/gotas-love-energy-energetico-estimulante-10ml\/","title":{"rendered":"GOTAS LOVE ENERGY ENERG\u00c9TICO ESTIMULANTE 10ML"},"content":{"rendered":"<p>O\u00a0<strong>Gotas Love Energy<\/strong>\u00a0\u00e9 uma bebida energ\u00e9tica afrodis\u00edaca, produzida com o mais alto padr\u00e3o de qualidade\u00a0<strong>La Pimienta<\/strong>\u00a0desenvolvida para diminuir a fadiga, aumentando sua disposi\u00e7\u00e3o e deixando voc\u00ea pronto para uma nova.\u00a0<strong>Love Energy<\/strong>\u00a0\u00e9 um potente energ\u00e9tico afrodis\u00edaco natural que est\u00e1 enlouquecendo os brasileiros por aumentar o tes\u00e3o em pouco tempo ap\u00f3s o consumo.<\/p>\n","protected":false},"excerpt":{"rendered":"<h1><span style=\"color: #ff00ff\">NO PIX R$3,39<\/span><\/h1>\n","protected":false},"featured_media":1692,"comment_status":"open","ping_status":"closed","template":"","meta":[],"product_cat":[37],"product_tag":[],"class_list":{"0":"post-1691","1":"product","2":"type-product","3":"status-publish","4":"has-post-thumbnail","6":"product_cat-cosmeticos-e-comestiveis","8":"first","9":"instock","10":"sale","11":"shipping-taxable","12":"purchasable","13":"product-type-simple"},"group_of_quantity":0,"min_quantity":0,"max_quantity":"","exclude_order_quantity_value_rules":"no","exclude_category_quantity_rules":"no","combine_variations":"no","_links":{"self":[{"href":"https:\/\/sorvetequente.com.br\/loja\/wp-json\/wp\/v2\/product\/1691","targetHints":{"allow":["GET"]}}],"collection":[{"href":"https:\/\/sorvetequente.com.br\/loja\/wp-json\/wp\/v2\/product"}],"about":[{"href":"https:\/\/sorvetequente.com.br\/loja\/wp-json\/wp\/v2\/types\/product"}],"replies":[{"embeddable":true,"href":"https:\/\/sorvetequente.com.br\/loja\/wp-json\/wp\/v2\/comments?post=1691"}],"wp:featuredmedia":[{"embeddable":true,"href":"https:\/\/sorvetequente.com.br\/loja\/wp-json\/wp\/v2\/media\/1692"}],"wp:attachment":[{"href":"https:\/\/sorvetequente.com.br\/loja\/wp-json\/wp\/v2\/media?parent=1691"}],"wp:term":[{"taxonomy":"product_cat","embeddable":true,"href":"https:\/\/sorvetequente.com.br\/loja\/wp-json\/wp\/v2\/product_cat?post=1691"},{"taxonomy":"product_tag","embeddable":true,"href":"https:\/\/sorvetequente.com.br\/loja\/wp-json\/wp\/v2\/product_tag?post=1691"}],"curies":[{"name":"wp","href":"https:\/\/api.w.org\/{rel}","templated":true}]}}