{"id":1686,"date":"2023-04-26T16:00:41","date_gmt":"2023-04-26T19:00:41","guid":{"rendered":"https:\/\/sorvetequente.com.br\/loja\/?post_type=product&#038;p=1686"},"modified":"2025-09-23T22:14:29","modified_gmt":"2025-09-24T01:14:29","slug":"gotas-huo-bing-oleo-termico-para-massagem-10ml","status":"publish","type":"product","link":"https:\/\/sorvetequente.com.br\/loja\/product\/gotas-huo-bing-oleo-termico-para-massagem-10ml\/","title":{"rendered":"GOTAS HUO BING \u00d3LEO T\u00c9RMICO PARA MASSAGEM 10ML"},"content":{"rendered":"<p>O\u00a0<strong>Gotas Huo Bing<\/strong>\u00a0\u00e9 um \u00f3leo\u00a0<strong>Hot<\/strong>\u00a0que esquenta e ao mesmo tempo\u00a0<strong>Ice<\/strong>\u00a0que esfria, que tem como fun\u00e7\u00e3o de\u00a0<strong>aquecer<\/strong>\u00a0o local aplicado, trazendo a impress\u00e3o de calor, e ao mesmo tempo fazendo\u00a0<strong>esfriar<\/strong>\u00a0a rela\u00e7\u00e3o, fazendo voc\u00ea sentir um prazer imenso na hora das preliminares e na hora H, instigando a sua noite e fazendo ser inesquec\u00edvel, aumenta a sensibilidade ao prazer. Produto fabricado com o mais alto padr\u00e3o de qualidade\u00a0<strong>La Pimienta<\/strong>, sendo um dos produtos mais vendido no mercado sensual.<\/p>\n","protected":false},"excerpt":{"rendered":"<h1><span style=\"color: #ff00ff\">NO PIX R$3,39<\/span><\/h1>\n","protected":false},"featured_media":1690,"comment_status":"open","ping_status":"closed","template":"","meta":[],"product_cat":[37],"product_tag":[],"class_list":{"0":"post-1686","1":"product","2":"type-product","3":"status-publish","4":"has-post-thumbnail","6":"product_cat-cosmeticos-e-comestiveis","8":"first","9":"instock","10":"sale","11":"shipping-taxable","12":"purchasable","13":"product-type-simple"},"group_of_quantity":0,"min_quantity":0,"max_quantity":"","exclude_order_quantity_value_rules":"no","exclude_category_quantity_rules":"no","combine_variations":"no","_links":{"self":[{"href":"https:\/\/sorvetequente.com.br\/loja\/wp-json\/wp\/v2\/product\/1686","targetHints":{"allow":["GET"]}}],"collection":[{"href":"https:\/\/sorvetequente.com.br\/loja\/wp-json\/wp\/v2\/product"}],"about":[{"href":"https:\/\/sorvetequente.com.br\/loja\/wp-json\/wp\/v2\/types\/product"}],"replies":[{"embeddable":true,"href":"https:\/\/sorvetequente.com.br\/loja\/wp-json\/wp\/v2\/comments?post=1686"}],"wp:featuredmedia":[{"embeddable":true,"href":"https:\/\/sorvetequente.com.br\/loja\/wp-json\/wp\/v2\/media\/1690"}],"wp:attachment":[{"href":"https:\/\/sorvetequente.com.br\/loja\/wp-json\/wp\/v2\/media?parent=1686"}],"wp:term":[{"taxonomy":"product_cat","embeddable":true,"href":"https:\/\/sorvetequente.com.br\/loja\/wp-json\/wp\/v2\/product_cat?post=1686"},{"taxonomy":"product_tag","embeddable":true,"href":"https:\/\/sorvetequente.com.br\/loja\/wp-json\/wp\/v2\/product_tag?post=1686"}],"curies":[{"name":"wp","href":"https:\/\/api.w.org\/{rel}","templated":true}]}}