{"id":1653,"date":"2023-04-26T15:24:16","date_gmt":"2023-04-26T18:24:16","guid":{"rendered":"https:\/\/sorvetequente.com.br\/loja\/?post_type=product&#038;p=1653"},"modified":"2025-10-24T12:37:49","modified_gmt":"2025-10-24T15:37:49","slug":"lucifer-spray-super-excitante-que-esquenta-em-spray-25ml-garji","status":"publish","type":"product","link":"https:\/\/sorvetequente.com.br\/loja\/product\/lucifer-spray-super-excitante-que-esquenta-em-spray-25ml-garji\/","title":{"rendered":"L\u00daCIFER SPRAY SUPER EXCITANTE QUE ESQUENTA EM SPRAY 25ML GARJI"},"content":{"rendered":"<p>Diga-me o que voc\u00ea mais deseja.<\/p>\n<p>Para relembrar a s\u00e9rie\u00a0<strong>L\u00facifer<\/strong>, a Garji desenvolveu um incr\u00edvel\u00a0<strong>excitante\u00a0<\/strong>que far\u00e1 com que todos os seus desejos e fetiches se realizem da melhor maneira, feito para que o casal se delicie deste incr\u00edvel gel estimulante.<\/p>\n<p><strong>Para que serve o L\u00facifer?<\/strong><\/p>\n<p>Este gel serve para te proporcionar deliciosos momentos de prazer e muito\u00a0<strong>fogo<\/strong>, j\u00e1 que ele dar\u00e1 as sensa\u00e7\u00f5es de\u00a0<strong>esquentar<\/strong>. O cosm\u00e9tico ainda ir\u00e1 sensibilizar o local aplicado, aumentando a circula\u00e7\u00e3o sangu\u00ednea e auxiliando para que voc\u00ea chegue ao seu melhor e mais intenso\u00a0<strong>orgasmo\u00a0<\/strong>com facilidade.<\/p>\n<p>Por ter um efeito\u00a0<strong>vasodilatador<\/strong>, ele \u00e9 super recomendado para\u00a0<strong>rela\u00e7\u00f5es\u00a0<\/strong>anais, deixando tudo ainda mais gostoso e intenso, proporcionando muito conforto e lubrifica\u00e7\u00e3o durante a\u00a0<strong>penetra\u00e7\u00e3o<\/strong>, j\u00e1 que cont\u00e9m um alto poder\u00a0<strong>lubrificante<\/strong>.Ele tamb\u00e9m serve como um incr\u00edvel lubrificante, pois possui resist\u00eancias \u00e0 secagem, deixando as rela\u00e7\u00f5es ainda mais longas e saci\u00e1veis.<\/p>\n<p><strong>Quais os benef\u00edcios do Gel L\u00facifer da Garji?<\/strong><\/p>\n<p>\u2022 Esquenta;<\/p>\n<p>\u2022 Excitante unissex;<\/p>\n<p>\u2022 Lubrifica\u00e7\u00e3o intensa;<\/p>\n","protected":false},"excerpt":{"rendered":"<h1><span style=\"color: #ff00ff\">NO PIX R$9,99<\/span><\/h1>\n","protected":false},"featured_media":1660,"comment_status":"open","ping_status":"closed","template":"","meta":[],"product_cat":[37,134],"product_tag":[],"class_list":{"0":"post-1653","1":"product","2":"type-product","3":"status-publish","4":"has-post-thumbnail","6":"product_cat-cosmeticos-e-comestiveis","7":"product_cat-sexo-anal","9":"first","10":"instock","11":"sale","12":"shipping-taxable","13":"purchasable","14":"product-type-simple"},"group_of_quantity":0,"min_quantity":0,"max_quantity":"","exclude_order_quantity_value_rules":"no","exclude_category_quantity_rules":"no","combine_variations":"no","_links":{"self":[{"href":"https:\/\/sorvetequente.com.br\/loja\/wp-json\/wp\/v2\/product\/1653","targetHints":{"allow":["GET"]}}],"collection":[{"href":"https:\/\/sorvetequente.com.br\/loja\/wp-json\/wp\/v2\/product"}],"about":[{"href":"https:\/\/sorvetequente.com.br\/loja\/wp-json\/wp\/v2\/types\/product"}],"replies":[{"embeddable":true,"href":"https:\/\/sorvetequente.com.br\/loja\/wp-json\/wp\/v2\/comments?post=1653"}],"wp:featuredmedia":[{"embeddable":true,"href":"https:\/\/sorvetequente.com.br\/loja\/wp-json\/wp\/v2\/media\/1660"}],"wp:attachment":[{"href":"https:\/\/sorvetequente.com.br\/loja\/wp-json\/wp\/v2\/media?parent=1653"}],"wp:term":[{"taxonomy":"product_cat","embeddable":true,"href":"https:\/\/sorvetequente.com.br\/loja\/wp-json\/wp\/v2\/product_cat?post=1653"},{"taxonomy":"product_tag","embeddable":true,"href":"https:\/\/sorvetequente.com.br\/loja\/wp-json\/wp\/v2\/product_tag?post=1653"}],"curies":[{"name":"wp","href":"https:\/\/api.w.org\/{rel}","templated":true}]}}