{"id":1652,"date":"2023-04-26T15:23:05","date_gmt":"2023-04-26T18:23:05","guid":{"rendered":"https:\/\/sorvetequente.com.br\/loja\/?post_type=product&#038;p=1652"},"modified":"2025-10-27T21:01:19","modified_gmt":"2025-10-28T00:01:19","slug":"diaba-hot-pomada-excitante-feminino-7g","status":"publish","type":"product","link":"https:\/\/sorvetequente.com.br\/loja\/product\/diaba-hot-pomada-excitante-feminino-7g\/","title":{"rendered":"DIABA HOT POMADA EXCITANTE FEMININO 7G"},"content":{"rendered":"<p>Transforme o clima de sua noite com a poderosa pomada\u00a0<strong>Diaba<\/strong>, super excitante feminino. Sua principal fun\u00e7\u00e3o \u00e9\u00a0<strong>excitar<\/strong>\u00a0proporcionando uma maravilhosa sensa\u00e7\u00e3o de\u00a0<strong>aquecimento<\/strong>\u00a0e leve formigamento no local aplicado. Ideal para realizar\u00a0<strong>massagens sensuais<\/strong>. Possui o\u00a0<strong>PH Neutro<\/strong>\u00a0que n\u00e3o irritar\u00e1 a sua pele.<\/p>\n","protected":false},"excerpt":{"rendered":"<h1><span style=\"color: #ff00ff\">NO PIX R$4,98<\/span><\/h1>\n","protected":false},"featured_media":1639,"comment_status":"open","ping_status":"closed","template":"","meta":[],"product_cat":[37],"product_tag":[],"class_list":{"0":"post-1652","1":"product","2":"type-product","3":"status-publish","4":"has-post-thumbnail","6":"product_cat-cosmeticos-e-comestiveis","8":"first","9":"instock","10":"sale","11":"shipping-taxable","12":"purchasable","13":"product-type-simple"},"group_of_quantity":0,"min_quantity":0,"max_quantity":"","exclude_order_quantity_value_rules":"no","exclude_category_quantity_rules":"no","combine_variations":"no","_links":{"self":[{"href":"https:\/\/sorvetequente.com.br\/loja\/wp-json\/wp\/v2\/product\/1652","targetHints":{"allow":["GET"]}}],"collection":[{"href":"https:\/\/sorvetequente.com.br\/loja\/wp-json\/wp\/v2\/product"}],"about":[{"href":"https:\/\/sorvetequente.com.br\/loja\/wp-json\/wp\/v2\/types\/product"}],"replies":[{"embeddable":true,"href":"https:\/\/sorvetequente.com.br\/loja\/wp-json\/wp\/v2\/comments?post=1652"}],"wp:featuredmedia":[{"embeddable":true,"href":"https:\/\/sorvetequente.com.br\/loja\/wp-json\/wp\/v2\/media\/1639"}],"wp:attachment":[{"href":"https:\/\/sorvetequente.com.br\/loja\/wp-json\/wp\/v2\/media?parent=1652"}],"wp:term":[{"taxonomy":"product_cat","embeddable":true,"href":"https:\/\/sorvetequente.com.br\/loja\/wp-json\/wp\/v2\/product_cat?post=1652"},{"taxonomy":"product_tag","embeddable":true,"href":"https:\/\/sorvetequente.com.br\/loja\/wp-json\/wp\/v2\/product_tag?post=1652"}],"curies":[{"name":"wp","href":"https:\/\/api.w.org\/{rel}","templated":true}]}}