{"id":1633,"date":"2023-04-26T15:13:06","date_gmt":"2023-04-26T18:13:06","guid":{"rendered":"https:\/\/sorvetequente.com.br\/loja\/?post_type=product&#038;p=1633"},"modified":"2025-08-24T00:27:00","modified_gmt":"2025-08-24T03:27:00","slug":"diaba-hot-gel-de-massagem-corporal-feminino-15ml","status":"publish","type":"product","link":"https:\/\/sorvetequente.com.br\/loja\/product\/diaba-hot-gel-de-massagem-corporal-feminino-15ml\/","title":{"rendered":"DIABA HOT GEL DE MASSAGEM CORPORAL FEMININO 15ML"},"content":{"rendered":"<p>Com o\u00a0<strong>Diaba Hot<\/strong>, n\u00e3o vai ter bombeiro e nem \u00e1gua que apague o inc\u00eandio que acontecer\u00e1 na sua cama.<br \/>\nEle tornar\u00e1 as noites muito mais\u00a0<strong>gostosas<\/strong>, te deixando muito mais\u00a0<strong>excitada\u00a0<\/strong>e aumentando a sua\u00a0<strong>libido<\/strong>, te deixando subindo pelas paredes, sem contar nas\u00a0<strong>sensa\u00e7\u00f5es\u00a0<\/strong>deliciosas que ele vai te trazer.<\/p>\n","protected":false},"excerpt":{"rendered":"<h1><span style=\"color: #ff00ff\">NO PIX R$6,89<\/span><\/h1>\n","protected":false},"featured_media":1648,"comment_status":"open","ping_status":"closed","template":"","meta":[],"product_cat":[37],"product_tag":[],"class_list":{"0":"post-1633","1":"product","2":"type-product","3":"status-publish","4":"has-post-thumbnail","6":"product_cat-cosmeticos-e-comestiveis","8":"first","9":"instock","10":"sale","11":"shipping-taxable","12":"purchasable","13":"product-type-simple"},"group_of_quantity":0,"min_quantity":0,"max_quantity":"","exclude_order_quantity_value_rules":"no","exclude_category_quantity_rules":"no","combine_variations":"no","_links":{"self":[{"href":"https:\/\/sorvetequente.com.br\/loja\/wp-json\/wp\/v2\/product\/1633","targetHints":{"allow":["GET"]}}],"collection":[{"href":"https:\/\/sorvetequente.com.br\/loja\/wp-json\/wp\/v2\/product"}],"about":[{"href":"https:\/\/sorvetequente.com.br\/loja\/wp-json\/wp\/v2\/types\/product"}],"replies":[{"embeddable":true,"href":"https:\/\/sorvetequente.com.br\/loja\/wp-json\/wp\/v2\/comments?post=1633"}],"wp:featuredmedia":[{"embeddable":true,"href":"https:\/\/sorvetequente.com.br\/loja\/wp-json\/wp\/v2\/media\/1648"}],"wp:attachment":[{"href":"https:\/\/sorvetequente.com.br\/loja\/wp-json\/wp\/v2\/media?parent=1633"}],"wp:term":[{"taxonomy":"product_cat","embeddable":true,"href":"https:\/\/sorvetequente.com.br\/loja\/wp-json\/wp\/v2\/product_cat?post=1633"},{"taxonomy":"product_tag","embeddable":true,"href":"https:\/\/sorvetequente.com.br\/loja\/wp-json\/wp\/v2\/product_tag?post=1633"}],"curies":[{"name":"wp","href":"https:\/\/api.w.org\/{rel}","templated":true}]}}