{"id":1620,"date":"2023-04-26T14:54:10","date_gmt":"2023-04-26T17:54:10","guid":{"rendered":"https:\/\/sorvetequente.com.br\/loja\/?post_type=product&#038;p=1620"},"modified":"2025-06-01T19:32:54","modified_gmt":"2025-06-01T22:32:54","slug":"mais-intenso-gel-intensificador-15g-hot-love","status":"publish","type":"product","link":"https:\/\/sorvetequente.com.br\/loja\/product\/mais-intenso-gel-intensificador-15g-hot-love\/","title":{"rendered":"MAIS INTENSO GEL INTENSIFICADOR 15G HOT LOVE"},"content":{"rendered":"<p>MAIS INTENSO GEL INTENSIFICADOR 15G HOT LOVE<\/p>\n<p>Gel lubrificante que estimula os \u00f3rg\u00e3os genitais masculino e feminino.<br \/>\nDesensolvido para agir na libido e ativar o desejo sexual.<br \/>\nEnriquecido com extrato de Damiana, uma planta com propriedades afrodis\u00edacas, intensificaos est\u00edmulos sexuais e ajuda no aumento da sensibilidade da vulva e p\u00eanis.<\/p>\n<p>Cont\u00e9m: 15g.<\/p>\n<p>Modo de Uso:<br \/>\nAplique uma pequena quantidade na regi\u00e3o genital e massageie suavemente.<\/p>\n","protected":false},"excerpt":{"rendered":"<h1><span style=\"color: #ff00ff\">NO PIX R$6,99<\/span><\/h1>\n","protected":false},"featured_media":1623,"comment_status":"open","ping_status":"closed","template":"","meta":[],"product_cat":[37],"product_tag":[],"class_list":{"0":"post-1620","1":"product","2":"type-product","3":"status-publish","4":"has-post-thumbnail","6":"product_cat-cosmeticos-e-comestiveis","8":"first","9":"instock","10":"sale","11":"shipping-taxable","12":"purchasable","13":"product-type-simple"},"group_of_quantity":0,"min_quantity":0,"max_quantity":"","exclude_order_quantity_value_rules":"no","exclude_category_quantity_rules":"no","combine_variations":"no","_links":{"self":[{"href":"https:\/\/sorvetequente.com.br\/loja\/wp-json\/wp\/v2\/product\/1620","targetHints":{"allow":["GET"]}}],"collection":[{"href":"https:\/\/sorvetequente.com.br\/loja\/wp-json\/wp\/v2\/product"}],"about":[{"href":"https:\/\/sorvetequente.com.br\/loja\/wp-json\/wp\/v2\/types\/product"}],"replies":[{"embeddable":true,"href":"https:\/\/sorvetequente.com.br\/loja\/wp-json\/wp\/v2\/comments?post=1620"}],"wp:featuredmedia":[{"embeddable":true,"href":"https:\/\/sorvetequente.com.br\/loja\/wp-json\/wp\/v2\/media\/1623"}],"wp:attachment":[{"href":"https:\/\/sorvetequente.com.br\/loja\/wp-json\/wp\/v2\/media?parent=1620"}],"wp:term":[{"taxonomy":"product_cat","embeddable":true,"href":"https:\/\/sorvetequente.com.br\/loja\/wp-json\/wp\/v2\/product_cat?post=1620"},{"taxonomy":"product_tag","embeddable":true,"href":"https:\/\/sorvetequente.com.br\/loja\/wp-json\/wp\/v2\/product_tag?post=1620"}],"curies":[{"name":"wp","href":"https:\/\/api.w.org\/{rel}","templated":true}]}}