{"id":1588,"date":"2023-04-24T20:37:21","date_gmt":"2023-04-24T23:37:21","guid":{"rendered":"https:\/\/sorvetequente.com.br\/loja\/?post_type=product&#038;p=1588"},"modified":"2026-01-29T18:33:13","modified_gmt":"2026-01-29T21:33:13","slug":"sexy-drink-gotas-do-desejo-15ml-da-hot-flowers","status":"publish","type":"product","link":"https:\/\/sorvetequente.com.br\/loja\/product\/sexy-drink-gotas-do-desejo-15ml-da-hot-flowers\/","title":{"rendered":"SEXY DRINK GOTAS DO DESEJO 15mL DA HOT FLOWERS"},"content":{"rendered":"<p>O Sexy Drink \u00e9 uma bebida que te dar\u00e1 muita energia, podendo ser adicionado de 15 \u00e1 20 gotas em qualquer bebidas, sucos, caf\u00e9, \u00e1gua, ch\u00e1, onde preferir. Essa po\u00e7\u00e3o m\u00e1gica ir\u00e1 te surpreender.<\/p>\n<p>Coloque na bebida do seu companheiro (a) e fa\u00e7a aquela surpresinha.<\/p>\n<p><strong>Ficha T\u00e9cnica<\/strong><\/p>\n<p><strong>Cont\u00e9m:<\/strong>\u00a01 Sexy Drink<\/p>\n<p><strong>Qual a Composi\u00e7\u00e3o?<\/strong><\/p>\n<p>Vitaminas do Complexo B (B2, B3, B5, B6 e B12)<\/p>\n","protected":false},"excerpt":{"rendered":"<h1><span style=\"color: #ff00ff\">NO PIX R$5,99<\/span><\/h1>\n","protected":false},"featured_media":1591,"comment_status":"open","ping_status":"closed","template":"","meta":[],"product_cat":[37],"product_tag":[],"class_list":{"0":"post-1588","1":"product","2":"type-product","3":"status-publish","4":"has-post-thumbnail","6":"product_cat-cosmeticos-e-comestiveis","8":"first","9":"instock","10":"sale","11":"shipping-taxable","12":"purchasable","13":"product-type-simple"},"group_of_quantity":0,"min_quantity":0,"max_quantity":"","exclude_order_quantity_value_rules":"no","exclude_category_quantity_rules":"no","combine_variations":"no","_links":{"self":[{"href":"https:\/\/sorvetequente.com.br\/loja\/wp-json\/wp\/v2\/product\/1588","targetHints":{"allow":["GET"]}}],"collection":[{"href":"https:\/\/sorvetequente.com.br\/loja\/wp-json\/wp\/v2\/product"}],"about":[{"href":"https:\/\/sorvetequente.com.br\/loja\/wp-json\/wp\/v2\/types\/product"}],"replies":[{"embeddable":true,"href":"https:\/\/sorvetequente.com.br\/loja\/wp-json\/wp\/v2\/comments?post=1588"}],"wp:featuredmedia":[{"embeddable":true,"href":"https:\/\/sorvetequente.com.br\/loja\/wp-json\/wp\/v2\/media\/1591"}],"wp:attachment":[{"href":"https:\/\/sorvetequente.com.br\/loja\/wp-json\/wp\/v2\/media?parent=1588"}],"wp:term":[{"taxonomy":"product_cat","embeddable":true,"href":"https:\/\/sorvetequente.com.br\/loja\/wp-json\/wp\/v2\/product_cat?post=1588"},{"taxonomy":"product_tag","embeddable":true,"href":"https:\/\/sorvetequente.com.br\/loja\/wp-json\/wp\/v2\/product_tag?post=1588"}],"curies":[{"name":"wp","href":"https:\/\/api.w.org\/{rel}","templated":true}]}}