{"id":1498,"date":"2023-04-24T18:52:37","date_gmt":"2023-04-24T21:52:37","guid":{"rendered":"https:\/\/sorvetequente.com.br\/loja\/?post_type=product&#038;p=1498"},"modified":"2026-03-29T10:57:59","modified_gmt":"2026-03-29T13:57:59","slug":"mete-em-mim-gel-excitante-esquenta-e-esfria-15ml-secret-love","status":"publish","type":"product","link":"https:\/\/sorvetequente.com.br\/loja\/product\/mete-em-mim-gel-excitante-esquenta-e-esfria-15ml-secret-love\/","title":{"rendered":"Mete Em Mim Gel Excitante Esquenta e Esfria 15ML SECRET LOVE"},"content":{"rendered":"<p>Seu desejo \u00e9 uma ordem! O Gel para Massagem Mete em Mim possui como principal fun\u00e7\u00e3o excitar, causando sensa\u00e7\u00f5es alternadas de aquecimento e frescor. Para deixar os seus momentos ininterruptos, ele possui propriedades beij\u00e1veis, assim a brincadeira nunca tem fim.<br \/>\n<strong>Ficha T\u00e9cnica:<\/strong><br \/>\n<strong>Cont\u00e9m:<\/strong>\u00a015ml.<br \/>\n<strong>Fun\u00e7\u00e3o:<\/strong>\u00a0Excitante.<br \/>\n<strong>Aten\u00e7\u00e3o:\u00a0<\/strong>O produto n\u00e3o \u00e9 de uso medicinal.<br \/>\n<strong>Modo de uso:<\/strong><br \/>\nAplique o produto no corpo e glande do p\u00eanis e tamb\u00e9m no escroto.<br \/>\n<strong>Precau\u00e7\u00f5es:<\/strong><br \/>\nManter fora do alcance de crian\u00e7as.<br \/>\nEm caso de contato com os olhos, enxaguar abundantemente com \u00e1gua.<br \/>\nManter o produto em lugar fresco.<br \/>\nN\u00e3o ingerir.<\/p>\n","protected":false},"excerpt":{"rendered":"<h1><span style=\"color: #ff00ff\">NO PIX R$5,61<\/span><\/h1>\n","protected":false},"featured_media":1500,"comment_status":"open","ping_status":"closed","template":"","meta":[],"product_cat":[37],"product_tag":[],"class_list":{"0":"post-1498","1":"product","2":"type-product","3":"status-publish","4":"has-post-thumbnail","6":"product_cat-cosmeticos-e-comestiveis","8":"first","9":"outofstock","10":"sale","11":"shipping-taxable","12":"purchasable","13":"product-type-simple"},"group_of_quantity":0,"min_quantity":0,"max_quantity":"","exclude_order_quantity_value_rules":"no","exclude_category_quantity_rules":"no","combine_variations":"no","_links":{"self":[{"href":"https:\/\/sorvetequente.com.br\/loja\/wp-json\/wp\/v2\/product\/1498","targetHints":{"allow":["GET"]}}],"collection":[{"href":"https:\/\/sorvetequente.com.br\/loja\/wp-json\/wp\/v2\/product"}],"about":[{"href":"https:\/\/sorvetequente.com.br\/loja\/wp-json\/wp\/v2\/types\/product"}],"replies":[{"embeddable":true,"href":"https:\/\/sorvetequente.com.br\/loja\/wp-json\/wp\/v2\/comments?post=1498"}],"wp:featuredmedia":[{"embeddable":true,"href":"https:\/\/sorvetequente.com.br\/loja\/wp-json\/wp\/v2\/media\/1500"}],"wp:attachment":[{"href":"https:\/\/sorvetequente.com.br\/loja\/wp-json\/wp\/v2\/media?parent=1498"}],"wp:term":[{"taxonomy":"product_cat","embeddable":true,"href":"https:\/\/sorvetequente.com.br\/loja\/wp-json\/wp\/v2\/product_cat?post=1498"},{"taxonomy":"product_tag","embeddable":true,"href":"https:\/\/sorvetequente.com.br\/loja\/wp-json\/wp\/v2\/product_tag?post=1498"}],"curies":[{"name":"wp","href":"https:\/\/api.w.org\/{rel}","templated":true}]}}