{"id":1487,"date":"2023-04-24T18:36:01","date_gmt":"2023-04-24T21:36:01","guid":{"rendered":"https:\/\/sorvetequente.com.br\/loja\/?post_type=product&#038;p=1487"},"modified":"2025-07-12T22:56:54","modified_gmt":"2025-07-13T01:56:54","slug":"trepesemia-gel-lubrificante-masculino-retardante-15ml","status":"publish","type":"product","link":"https:\/\/sorvetequente.com.br\/loja\/product\/trepesemia-gel-lubrificante-masculino-retardante-15ml\/","title":{"rendered":"Trepesemia Gel lubrificante masculino Retardante 15ML"},"content":{"rendered":"<p>O\u00a0<strong>Trepesemia<\/strong>\u00a0\u00e9 um\u00a0<strong>Gel lubrificante masculino<\/strong>\u00a0que atua no combate a\u00a0<strong>ejacula\u00e7\u00e3o precoce<\/strong>, \u00e9 tamb\u00e9m um gel com\u00a0<strong>a\u00e7\u00e3o retardante<\/strong>\u00a0que ir\u00e1 proporcionar uma rela\u00e7\u00e3o mais prazerosa duradoura e intensa, al\u00e9m disso ele tamb\u00e9m pode ser usado como\u00a0<strong>lubrificante<\/strong>, dessa forma ambos v\u00e3o aproveitar o momento da forma mais excitante poss\u00edvel.<\/p>\n<p><strong>Ficha T\u00e9cnica:<\/strong><br \/>\n<strong>Cont\u00e9m:<\/strong>\u00a015ml.<br \/>\n<strong>Fun\u00e7\u00e3o:<\/strong>\u00a0Retardante, lubrificante.<br \/>\n<strong>Composi\u00e7\u00e3o:<\/strong>\u00a0Aqua, Aroma, Carboximethil Cellulose, Glycerin, Mentha Piperita Oil, Methylparaben.<\/p>\n<p><strong>Aten\u00e7\u00e3o:<\/strong>\u00a0O produto n\u00e3o \u00e9 de uso medicinal.<\/p>\n<p><strong>Modo de uso:<\/strong><br \/>\nAplique o produto no corpo e glande do p\u00eanis, tamb\u00e9m no escroto, massageando bem at\u00e9 que o produto seja completamente absorvido.<\/p>\n<p><strong>Precau\u00e7\u00f5es:<\/strong><br \/>\nManter fora do alcance de crian\u00e7as. Em caso de contato com os olhos, enxaguar abundantemente com \u00e1gua. Manter o produto em lugar fresco<\/p>\n","protected":false},"excerpt":{"rendered":"<h1><span style=\"color: #ff00ff\">NO PIX R$4,98<\/span><\/h1>\n","protected":false},"featured_media":1491,"comment_status":"open","ping_status":"closed","template":"","meta":[],"product_cat":[37,43],"product_tag":[],"class_list":{"0":"post-1487","1":"product","2":"type-product","3":"status-publish","4":"has-post-thumbnail","6":"product_cat-cosmeticos-e-comestiveis","7":"product_cat-para-ele","9":"first","10":"instock","11":"sale","12":"shipping-taxable","13":"purchasable","14":"product-type-simple"},"group_of_quantity":0,"min_quantity":0,"max_quantity":"","exclude_order_quantity_value_rules":"no","exclude_category_quantity_rules":"no","combine_variations":"no","_links":{"self":[{"href":"https:\/\/sorvetequente.com.br\/loja\/wp-json\/wp\/v2\/product\/1487","targetHints":{"allow":["GET"]}}],"collection":[{"href":"https:\/\/sorvetequente.com.br\/loja\/wp-json\/wp\/v2\/product"}],"about":[{"href":"https:\/\/sorvetequente.com.br\/loja\/wp-json\/wp\/v2\/types\/product"}],"replies":[{"embeddable":true,"href":"https:\/\/sorvetequente.com.br\/loja\/wp-json\/wp\/v2\/comments?post=1487"}],"wp:featuredmedia":[{"embeddable":true,"href":"https:\/\/sorvetequente.com.br\/loja\/wp-json\/wp\/v2\/media\/1491"}],"wp:attachment":[{"href":"https:\/\/sorvetequente.com.br\/loja\/wp-json\/wp\/v2\/media?parent=1487"}],"wp:term":[{"taxonomy":"product_cat","embeddable":true,"href":"https:\/\/sorvetequente.com.br\/loja\/wp-json\/wp\/v2\/product_cat?post=1487"},{"taxonomy":"product_tag","embeddable":true,"href":"https:\/\/sorvetequente.com.br\/loja\/wp-json\/wp\/v2\/product_tag?post=1487"}],"curies":[{"name":"wp","href":"https:\/\/api.w.org\/{rel}","templated":true}]}}