{"id":1418,"date":"2023-04-22T23:47:12","date_gmt":"2023-04-23T02:47:12","guid":{"rendered":"https:\/\/sorvetequente.com.br\/loja\/?post_type=product&#038;p=1418"},"modified":"2026-03-29T11:00:09","modified_gmt":"2026-03-29T14:00:09","slug":"oleo-japones-gel-excitante-beijavel-hot-15ml-secret-love","status":"publish","type":"product","link":"https:\/\/sorvetequente.com.br\/loja\/product\/oleo-japones-gel-excitante-beijavel-hot-15ml-secret-love\/","title":{"rendered":"\u00d3leo Japon\u00eas Gel Excitante Beij\u00e1vel Hot 15ML Secret Love"},"content":{"rendered":"<p>Gel Excitante pr\u00f3prio para a estimula\u00e7\u00e3o nas preliminares, possui fun\u00e7\u00e3o Hot e propriedades beij\u00e1veis. Aplique a quantidade desejada nas horas er\u00f3genas do seu parceiro(a) e delicie-se no sexo oral.<\/p>\n<p><strong>Ficha T\u00e9cnica<\/strong><br \/>\n<strong>Cont\u00e9m:<\/strong>\u00a015ml.<br \/>\n<strong>Fun\u00e7\u00e3o:<\/strong>\u00a0Excitar e Sabor.<\/p>\n","protected":false},"excerpt":{"rendered":"<h1><span style=\"color: #ff00ff\">NO PIX R$4,69<\/span><\/h1>\n","protected":false},"featured_media":1410,"comment_status":"open","ping_status":"closed","template":"","meta":[],"product_cat":[37],"product_tag":[],"class_list":{"0":"post-1418","1":"product","2":"type-product","3":"status-publish","4":"has-post-thumbnail","6":"product_cat-cosmeticos-e-comestiveis","8":"first","9":"instock","10":"sale","11":"shipping-taxable","12":"purchasable","13":"product-type-simple"},"group_of_quantity":0,"min_quantity":0,"max_quantity":"","exclude_order_quantity_value_rules":"no","exclude_category_quantity_rules":"no","combine_variations":"no","_links":{"self":[{"href":"https:\/\/sorvetequente.com.br\/loja\/wp-json\/wp\/v2\/product\/1418","targetHints":{"allow":["GET"]}}],"collection":[{"href":"https:\/\/sorvetequente.com.br\/loja\/wp-json\/wp\/v2\/product"}],"about":[{"href":"https:\/\/sorvetequente.com.br\/loja\/wp-json\/wp\/v2\/types\/product"}],"replies":[{"embeddable":true,"href":"https:\/\/sorvetequente.com.br\/loja\/wp-json\/wp\/v2\/comments?post=1418"}],"wp:featuredmedia":[{"embeddable":true,"href":"https:\/\/sorvetequente.com.br\/loja\/wp-json\/wp\/v2\/media\/1410"}],"wp:attachment":[{"href":"https:\/\/sorvetequente.com.br\/loja\/wp-json\/wp\/v2\/media?parent=1418"}],"wp:term":[{"taxonomy":"product_cat","embeddable":true,"href":"https:\/\/sorvetequente.com.br\/loja\/wp-json\/wp\/v2\/product_cat?post=1418"},{"taxonomy":"product_tag","embeddable":true,"href":"https:\/\/sorvetequente.com.br\/loja\/wp-json\/wp\/v2\/product_tag?post=1418"}],"curies":[{"name":"wp","href":"https:\/\/api.w.org\/{rel}","templated":true}]}}