{"id":1383,"date":"2023-04-22T23:36:34","date_gmt":"2023-04-23T02:36:34","guid":{"rendered":"https:\/\/sorvetequente.com.br\/loja\/?post_type=product&#038;p=1383"},"modified":"2025-06-21T17:16:16","modified_gmt":"2025-06-21T20:16:16","slug":"chokosex-gel-beijavel-chocolate-18ml-secret-love","status":"publish","type":"product","link":"https:\/\/sorvetequente.com.br\/loja\/product\/chokosex-gel-beijavel-chocolate-18ml-secret-love\/","title":{"rendered":"ChokoSex Gel Beijavel Chocolate 18ML Secret Love"},"content":{"rendered":"<p>O ChokoSex \u00e9 um gel corporal beij\u00e1vel, um produto perfeito para aquela preliminar maravilhosa, seu sabor chocolate consegue deixar tudo ainda mais gostoso, todos que provam acabam viciando, ent\u00e3o que tal surpreender quem voc\u00ea ama com essa delicia?<\/p>\n<p>&nbsp;<\/p>\n<p><strong>Ficha T\u00e9cnica<\/strong><\/p>\n<p>&nbsp;<\/p>\n<p><strong>Cont\u00e9m:\u00a0<\/strong>1 ChokoSex<\/p>\n<p>&nbsp;<\/p>\n<p><strong>Como usar o ChokoSex?<\/strong><\/p>\n<p>&nbsp;<\/p>\n<p>Aplique a quantidade desejada na regi\u00e3o de sua prefer\u00eancia e sinta essa del\u00edcia<\/p>\n","protected":false},"excerpt":{"rendered":"<h1><span style=\"color: #ff00ff\">NO PIX R$4,98<\/span><\/h1>\n","protected":false},"featured_media":1363,"comment_status":"open","ping_status":"closed","template":"","meta":[],"product_cat":[37],"product_tag":[],"class_list":{"0":"post-1383","1":"product","2":"type-product","3":"status-publish","4":"has-post-thumbnail","6":"product_cat-cosmeticos-e-comestiveis","8":"first","9":"instock","10":"sale","11":"shipping-taxable","12":"purchasable","13":"product-type-simple"},"group_of_quantity":0,"min_quantity":0,"max_quantity":"","exclude_order_quantity_value_rules":"no","exclude_category_quantity_rules":"no","combine_variations":"no","_links":{"self":[{"href":"https:\/\/sorvetequente.com.br\/loja\/wp-json\/wp\/v2\/product\/1383","targetHints":{"allow":["GET"]}}],"collection":[{"href":"https:\/\/sorvetequente.com.br\/loja\/wp-json\/wp\/v2\/product"}],"about":[{"href":"https:\/\/sorvetequente.com.br\/loja\/wp-json\/wp\/v2\/types\/product"}],"replies":[{"embeddable":true,"href":"https:\/\/sorvetequente.com.br\/loja\/wp-json\/wp\/v2\/comments?post=1383"}],"wp:featuredmedia":[{"embeddable":true,"href":"https:\/\/sorvetequente.com.br\/loja\/wp-json\/wp\/v2\/media\/1363"}],"wp:attachment":[{"href":"https:\/\/sorvetequente.com.br\/loja\/wp-json\/wp\/v2\/media?parent=1383"}],"wp:term":[{"taxonomy":"product_cat","embeddable":true,"href":"https:\/\/sorvetequente.com.br\/loja\/wp-json\/wp\/v2\/product_cat?post=1383"},{"taxonomy":"product_tag","embeddable":true,"href":"https:\/\/sorvetequente.com.br\/loja\/wp-json\/wp\/v2\/product_tag?post=1383"}],"curies":[{"name":"wp","href":"https:\/\/api.w.org\/{rel}","templated":true}]}}