{"id":1382,"date":"2023-04-22T23:33:44","date_gmt":"2023-04-23T02:33:44","guid":{"rendered":"https:\/\/sorvetequente.com.br\/loja\/?post_type=product&#038;p=1382"},"modified":"2026-03-12T12:13:48","modified_gmt":"2026-03-12T15:13:48","slug":"volumetrao-gel-retardar-a-ejaculacao-15ml","status":"publish","type":"product","link":"https:\/\/sorvetequente.com.br\/loja\/product\/volumetrao-gel-retardar-a-ejaculacao-15ml\/","title":{"rendered":"Volumetr\u00e3o Gel Retardar a Ejacula\u00e7\u00e3o 15ML"},"content":{"rendered":"<p><strong>Volumetr\u00e3o<\/strong>\u00a0\u00e9 um gel Vasodilatador extremamente potente e eficaz. Proporciona sensa\u00e7\u00e3o de\u00a0<strong>Aumento Peniano <\/strong>no corpo e espessura do p\u00eanis, garante tamb\u00e9m uma rela\u00e7\u00e3o mais prazerosa e duradoura, por retardar a ejacula\u00e7\u00e3o.<br \/>\nComposto por ativos naturais, o Volumetr\u00e3o possui em sua formula\u00e7\u00e3o vasodilatadores que facilitam e intensificam a ere\u00e7\u00e3o aumentando a press\u00e3o sangu\u00ednea e a circula\u00e7\u00e3o genital, auxilia na melhora e volume do fluxo sangu\u00edneo dando a sensa\u00e7\u00e3o de incha\u00e7o e com isso a percep\u00e7\u00e3o de\u00a0<strong>Aumento Peniano<\/strong>. Al\u00e9m de retardar a ejacula\u00e7\u00e3o aumenta a sensibilidade auxiliando no controle da fun\u00e7\u00e3o er\u00e9til.<br \/>\nHoje em dia g\u00e9is e ativos naturais s\u00e3o os principais m\u00e9todos para melhorar o desempenho e aumentar a pot\u00eancia.<br \/>\n<strong>Modo de uso<\/strong>:<br \/>\nAplique em todo o p\u00eanis e escroto, espalhando bem at\u00e9 que o produto seja completamente absorvido.<br \/>\n<strong>Precau\u00e7\u00f5es<\/strong>:<br \/>\nN\u00e3o usar em regi\u00f5es com les\u00f5es, lacera\u00e7\u00f5es ou inflama\u00e7\u00f5es.<br \/>\nEm caso de contato com os olhos, enx\u00e1gue-os com \u00e1gua em abund\u00e2ncia. Manter o produto em lugar fresco e ao abrigo do calor e da luz.<br \/>\n<strong>ATEN\u00c7\u00c3O<\/strong>:<br \/>\n\u2013 Nunca compre medicamento sem orienta\u00e7\u00e3o de um profissional habilitado;<br \/>\n\u2013 Os resultados podem variar de pessoa para pessoa;<br \/>\n\u2013 Siga corretamente o modo de usar e m\u00e9todo do produto;<br \/>\n<strong>Composi\u00e7\u00e3o<\/strong>:<br \/>\nAqua Capsicium Annuum Extract, Carboxmethyl Cellulose, Eugenia Caryphyllus (Clove) Bud Oil, Glycerin, Mentha Piperita Oil, Propylparaben.<br \/>\n<strong>Ficha T\u00e9cnica<\/strong>:<br \/>\nCont\u00e9m 15ml<\/p>\n","protected":false},"excerpt":{"rendered":"<h1><span style=\"color: #ff00ff\">NO PIX R$3,99<\/span><\/h1>\n","protected":false},"featured_media":6581,"comment_status":"open","ping_status":"closed","template":"","meta":[],"product_cat":[37,43,66],"product_tag":[],"class_list":{"0":"post-1382","1":"product","2":"type-product","3":"status-publish","4":"has-post-thumbnail","6":"product_cat-cosmeticos-e-comestiveis","7":"product_cat-para-ele","8":"product_cat-promocao-relampago","10":"first","11":"instock","12":"sale","13":"shipping-taxable","14":"purchasable","15":"product-type-simple"},"group_of_quantity":0,"min_quantity":1,"max_quantity":5,"exclude_order_quantity_value_rules":"no","exclude_category_quantity_rules":"no","combine_variations":"no","_links":{"self":[{"href":"https:\/\/sorvetequente.com.br\/loja\/wp-json\/wp\/v2\/product\/1382","targetHints":{"allow":["GET"]}}],"collection":[{"href":"https:\/\/sorvetequente.com.br\/loja\/wp-json\/wp\/v2\/product"}],"about":[{"href":"https:\/\/sorvetequente.com.br\/loja\/wp-json\/wp\/v2\/types\/product"}],"replies":[{"embeddable":true,"href":"https:\/\/sorvetequente.com.br\/loja\/wp-json\/wp\/v2\/comments?post=1382"}],"wp:featuredmedia":[{"embeddable":true,"href":"https:\/\/sorvetequente.com.br\/loja\/wp-json\/wp\/v2\/media\/6581"}],"wp:attachment":[{"href":"https:\/\/sorvetequente.com.br\/loja\/wp-json\/wp\/v2\/media?parent=1382"}],"wp:term":[{"taxonomy":"product_cat","embeddable":true,"href":"https:\/\/sorvetequente.com.br\/loja\/wp-json\/wp\/v2\/product_cat?post=1382"},{"taxonomy":"product_tag","embeddable":true,"href":"https:\/\/sorvetequente.com.br\/loja\/wp-json\/wp\/v2\/product_tag?post=1382"}],"curies":[{"name":"wp","href":"https:\/\/api.w.org\/{rel}","templated":true}]}}