{"id":1354,"date":"2023-04-22T23:08:01","date_gmt":"2023-04-23T02:08:01","guid":{"rendered":"https:\/\/sorvetequente.com.br\/loja\/?post_type=product&#038;p=1354"},"modified":"2026-03-29T11:04:00","modified_gmt":"2026-03-29T14:04:00","slug":"marretezao-excitante-maasculino-retardante-15ml-secret-love","status":"publish","type":"product","link":"https:\/\/sorvetequente.com.br\/loja\/product\/marretezao-excitante-maasculino-retardante-15ml-secret-love\/","title":{"rendered":"Marretez\u00e3o Excitante Masculino Retardante 15ML Secret Love"},"content":{"rendered":"<p>O poder do martelo do Thor pode ser seu!<\/p>\n<p>O\u00a0<strong>Marretez\u00e3o<\/strong>\u00a0\u00e9 um gel masculino\u00a0<strong>super excitante<\/strong>, quando voc\u00ea realiza a massagem no p\u00eanis com o gel, ele causa o\u00a0<strong>efeito retardante<\/strong>, ajudando a prolongar a sua noite e proporciona a sensa\u00e7\u00e3o de aumento do volume do p\u00eanis. Voc\u00ea pode aplica-lo na glande, corpo do p\u00eanis e tamb\u00e9m no escroto.<\/p>\n<p><strong>Ficha T\u00e9cnica<\/strong><br \/>\n<strong>Cont\u00e9m:<\/strong>\u00a015ml<br \/>\n<strong>Embalagem:<\/strong>\u00a0Frasnaga.<br \/>\n<strong>Fun\u00e7\u00e3o:<\/strong>\u00a0Excitar e Prolongar.<\/p>\n<p><strong>Recomenda\u00e7\u00f5es:<\/strong><br \/>\nN\u00e3o usar em regi\u00f5es com les\u00f5es, lacera\u00e7\u00f5es ou inflamadas. Em caso de contato com os olhos, enx\u00e1gue-os com \u00e1gua em abund\u00e2ncia. Manter o produto em lugar fresco e ao abrigo do calor e da luz. N\u00e3o reutilizar a embalagem.<br \/>\nMantenha fora do alcance de crian\u00e7as.<\/p>\n","protected":false},"excerpt":{"rendered":"<h1><span style=\"color: #ff00ff\">NO PIX R$5,49<\/span><\/h1>\n","protected":false},"featured_media":1350,"comment_status":"open","ping_status":"closed","template":"","meta":[],"product_cat":[37,43],"product_tag":[],"class_list":{"0":"post-1354","1":"product","2":"type-product","3":"status-publish","4":"has-post-thumbnail","6":"product_cat-cosmeticos-e-comestiveis","7":"product_cat-para-ele","9":"first","10":"outofstock","11":"sale","12":"shipping-taxable","13":"purchasable","14":"product-type-simple"},"group_of_quantity":0,"min_quantity":0,"max_quantity":"","exclude_order_quantity_value_rules":"no","exclude_category_quantity_rules":"no","combine_variations":"no","_links":{"self":[{"href":"https:\/\/sorvetequente.com.br\/loja\/wp-json\/wp\/v2\/product\/1354","targetHints":{"allow":["GET"]}}],"collection":[{"href":"https:\/\/sorvetequente.com.br\/loja\/wp-json\/wp\/v2\/product"}],"about":[{"href":"https:\/\/sorvetequente.com.br\/loja\/wp-json\/wp\/v2\/types\/product"}],"replies":[{"embeddable":true,"href":"https:\/\/sorvetequente.com.br\/loja\/wp-json\/wp\/v2\/comments?post=1354"}],"wp:featuredmedia":[{"embeddable":true,"href":"https:\/\/sorvetequente.com.br\/loja\/wp-json\/wp\/v2\/media\/1350"}],"wp:attachment":[{"href":"https:\/\/sorvetequente.com.br\/loja\/wp-json\/wp\/v2\/media?parent=1354"}],"wp:term":[{"taxonomy":"product_cat","embeddable":true,"href":"https:\/\/sorvetequente.com.br\/loja\/wp-json\/wp\/v2\/product_cat?post=1354"},{"taxonomy":"product_tag","embeddable":true,"href":"https:\/\/sorvetequente.com.br\/loja\/wp-json\/wp\/v2\/product_tag?post=1354"}],"curies":[{"name":"wp","href":"https:\/\/api.w.org\/{rel}","templated":true}]}}