{"id":1334,"date":"2023-04-22T22:58:04","date_gmt":"2023-04-23T01:58:04","guid":{"rendered":"https:\/\/sorvetequente.com.br\/loja\/?post_type=product&#038;p=1334"},"modified":"2026-03-30T08:44:04","modified_gmt":"2026-03-30T11:44:04","slug":"anis-sex-gel-facilitador-anal-15ml-segred-love","status":"publish","type":"product","link":"https:\/\/sorvetequente.com.br\/loja\/product\/anis-sex-gel-facilitador-anal-15ml-segred-love\/","title":{"rendered":"Anis Sex Gel Facilitador Anal 15Ml Segred Love"},"content":{"rendered":"<p>Facilitador anal. Anis Sexy \u00e9 um lubrificante anal desenvolvido para homens e mulheres que n\u00e3o querem sentir dor no sexo anal. Formulado com insumos vegetais e um poderoso dessensibilizante natural.<\/p>\n<p>Modo de uso:<br \/>\nAplique o gel na regi\u00e3o do \u00e2nus de 2 a 3 minutos antes da rela\u00e7\u00e3o<\/p>\n<p>Precau\u00e7\u00f5es:<br \/>\nN\u00e3o usar em regi\u00f5es com les\u00f5es, lacera\u00e7\u00f5es ou inflama\u00e7\u00f5es. Em caso de contato com os olhos, enx\u00e1gue-os com \u00e1gua em abund\u00e2ncia. Manter o produto em lugar fresco e ao abrigo do calor e da luz. Mantenha fora do alcance de crian\u00e7as. N\u00e3o reutilizar a embalagem<\/p>\n<p>Cont\u00e9m:<br \/>\n15ml<\/p>\n","protected":false},"excerpt":{"rendered":"<h1><span style=\"color: #ff00ff\">NO PIX R$4,98<\/span><\/h1>\n","protected":false},"featured_media":1336,"comment_status":"open","ping_status":"closed","template":"","meta":[],"product_cat":[37,134],"product_tag":[],"class_list":{"0":"post-1334","1":"product","2":"type-product","3":"status-publish","4":"has-post-thumbnail","6":"product_cat-cosmeticos-e-comestiveis","7":"product_cat-sexo-anal","9":"first","10":"instock","11":"sale","12":"shipping-taxable","13":"purchasable","14":"product-type-simple"},"group_of_quantity":0,"min_quantity":0,"max_quantity":"","exclude_order_quantity_value_rules":"no","exclude_category_quantity_rules":"no","combine_variations":"no","_links":{"self":[{"href":"https:\/\/sorvetequente.com.br\/loja\/wp-json\/wp\/v2\/product\/1334","targetHints":{"allow":["GET"]}}],"collection":[{"href":"https:\/\/sorvetequente.com.br\/loja\/wp-json\/wp\/v2\/product"}],"about":[{"href":"https:\/\/sorvetequente.com.br\/loja\/wp-json\/wp\/v2\/types\/product"}],"replies":[{"embeddable":true,"href":"https:\/\/sorvetequente.com.br\/loja\/wp-json\/wp\/v2\/comments?post=1334"}],"wp:featuredmedia":[{"embeddable":true,"href":"https:\/\/sorvetequente.com.br\/loja\/wp-json\/wp\/v2\/media\/1336"}],"wp:attachment":[{"href":"https:\/\/sorvetequente.com.br\/loja\/wp-json\/wp\/v2\/media?parent=1334"}],"wp:term":[{"taxonomy":"product_cat","embeddable":true,"href":"https:\/\/sorvetequente.com.br\/loja\/wp-json\/wp\/v2\/product_cat?post=1334"},{"taxonomy":"product_tag","embeddable":true,"href":"https:\/\/sorvetequente.com.br\/loja\/wp-json\/wp\/v2\/product_tag?post=1334"}],"curies":[{"name":"wp","href":"https:\/\/api.w.org\/{rel}","templated":true}]}}