{"id":1326,"date":"2023-04-22T22:50:43","date_gmt":"2023-04-23T01:50:43","guid":{"rendered":"https:\/\/sorvetequente.com.br\/loja\/?post_type=product&#038;p=1326"},"modified":"2026-03-29T11:05:11","modified_gmt":"2026-03-29T14:05:11","slug":"goze-bem-retarda-ejaculacao-15ml-secret-love","status":"publish","type":"product","link":"https:\/\/sorvetequente.com.br\/loja\/product\/goze-bem-retarda-ejaculacao-15ml-secret-love\/","title":{"rendered":"Goze Bem Retarda Ejacula\u00e7\u00e3o 15mL Secret Love"},"content":{"rendered":"<p>Goze Bem ajuda a combater a ejacula\u00e7\u00e3o precoce, pois quando \u00e9 aplicado no p\u00eanis, atua permitindo um melhor controle sobe a ejacula\u00e7\u00e3o. A sua a\u00e7\u00e3o refrescante diminui o excesso de sensibilidade da glande, sem perda de desejo!<br \/>\nModo de uso:<br \/>\nAplique a quantidade desejada no p\u00eanis e escroto e massageie para absor\u00e7\u00e3o do produto<br \/>\nPrecau\u00e7\u00f5es:<br \/>\nManter fora do alcance de crian\u00e7as. Em caso de contato com os olhos, enxaguar abundantemente com \u00e1gua. Manter o produto em lugar fresco<br \/>\nCont\u00e9m:<br \/>\n15ml<\/p>\n","protected":false},"excerpt":{"rendered":"<h1><span style=\"color: #ff00ff\">NO PIX R$4,79<\/span><\/h1>\n","protected":false},"featured_media":1329,"comment_status":"open","ping_status":"closed","template":"","meta":[],"product_cat":[37,43],"product_tag":[],"class_list":{"0":"post-1326","1":"product","2":"type-product","3":"status-publish","4":"has-post-thumbnail","6":"product_cat-cosmeticos-e-comestiveis","7":"product_cat-para-ele","9":"first","10":"outofstock","11":"sale","12":"shipping-taxable","13":"purchasable","14":"product-type-simple"},"group_of_quantity":0,"min_quantity":0,"max_quantity":"","exclude_order_quantity_value_rules":"no","exclude_category_quantity_rules":"no","combine_variations":"no","_links":{"self":[{"href":"https:\/\/sorvetequente.com.br\/loja\/wp-json\/wp\/v2\/product\/1326","targetHints":{"allow":["GET"]}}],"collection":[{"href":"https:\/\/sorvetequente.com.br\/loja\/wp-json\/wp\/v2\/product"}],"about":[{"href":"https:\/\/sorvetequente.com.br\/loja\/wp-json\/wp\/v2\/types\/product"}],"replies":[{"embeddable":true,"href":"https:\/\/sorvetequente.com.br\/loja\/wp-json\/wp\/v2\/comments?post=1326"}],"wp:featuredmedia":[{"embeddable":true,"href":"https:\/\/sorvetequente.com.br\/loja\/wp-json\/wp\/v2\/media\/1329"}],"wp:attachment":[{"href":"https:\/\/sorvetequente.com.br\/loja\/wp-json\/wp\/v2\/media?parent=1326"}],"wp:term":[{"taxonomy":"product_cat","embeddable":true,"href":"https:\/\/sorvetequente.com.br\/loja\/wp-json\/wp\/v2\/product_cat?post=1326"},{"taxonomy":"product_tag","embeddable":true,"href":"https:\/\/sorvetequente.com.br\/loja\/wp-json\/wp\/v2\/product_tag?post=1326"}],"curies":[{"name":"wp","href":"https:\/\/api.w.org\/{rel}","templated":true}]}}