{"id":1297,"date":"2023-04-22T22:09:38","date_gmt":"2023-04-23T01:09:38","guid":{"rendered":"https:\/\/sorvetequente.com.br\/loja\/?post_type=product&#038;p=1297"},"modified":"2025-09-23T20:11:24","modified_gmt":"2025-09-23T23:11:24","slug":"gel-adstringente-sempre-virgem-25gr-hot-flowers","status":"publish","type":"product","link":"https:\/\/sorvetequente.com.br\/loja\/product\/gel-adstringente-sempre-virgem-25gr-hot-flowers\/","title":{"rendered":"Gel Adstringente\u00a0Sempre Virgem 25gr Hot Flowers"},"content":{"rendered":"<p>O Gel Adstringente\u00a0<strong>Sempre Virgem<\/strong>\u00a0leva a um incr\u00edvel\u00a0<strong>estreitamento<\/strong>\u00a0do canal vaginal proporcionando assim maior prazer na rela\u00e7\u00e3o. Estimulante e ativador da circula\u00e7\u00e3o perif\u00e9rica, o que aumenta a sensibilidade levando a um alto n\u00edvel de prazer. Na forma de gel cremoso e com suave toque de menta &#8211; Sempre Virgem &#8211; promove magn\u00edfica sensa\u00e7\u00e3o\u00a0<strong>\u201capertadinha\u201d<\/strong>.<\/p>\n<p><strong>Ficha T\u00e9cnica<\/strong><br \/>\n<strong>Cont\u00e9m:<\/strong>\u00a025g.<br \/>\n<strong>Fun\u00e7\u00e3o:<\/strong>\u00a0Estreitar o canal vaginal.<\/p>\n<p><strong>Modo de uso:<\/strong><br \/>\nAplique no local desejado, massageie com a ponta dos dedos suavemente e aguarde alguns instantes para come\u00e7ar a penetra\u00e7\u00e3o. Uso externo.<\/p>\n<p><strong>Cuidados e Precau\u00e7\u00f5es:<\/strong><br \/>\nEm caso de irrita\u00e7\u00e3o, suspender o uso e procurar um m\u00e9dico.<br \/>\nMantenha fora do alcance de crian\u00e7as.<br \/>\nEvitar contato com os olhos, caso ocorra, lavar em abund\u00e2ncia com \u00e1gua corrente.<\/p>\n","protected":false},"excerpt":{"rendered":"<h1><span style=\"color: #ff00ff\">NO PIX R$15,99<\/span><\/h1>\n","protected":false},"featured_media":1292,"comment_status":"open","ping_status":"closed","template":"","meta":[],"product_cat":[37,16],"product_tag":[],"class_list":{"0":"post-1297","1":"product","2":"type-product","3":"status-publish","4":"has-post-thumbnail","6":"product_cat-cosmeticos-e-comestiveis","7":"product_cat-para-ela","9":"first","10":"instock","11":"shipping-taxable","12":"purchasable","13":"product-type-simple"},"group_of_quantity":0,"min_quantity":0,"max_quantity":"","exclude_order_quantity_value_rules":"no","exclude_category_quantity_rules":"no","combine_variations":"no","_links":{"self":[{"href":"https:\/\/sorvetequente.com.br\/loja\/wp-json\/wp\/v2\/product\/1297","targetHints":{"allow":["GET"]}}],"collection":[{"href":"https:\/\/sorvetequente.com.br\/loja\/wp-json\/wp\/v2\/product"}],"about":[{"href":"https:\/\/sorvetequente.com.br\/loja\/wp-json\/wp\/v2\/types\/product"}],"replies":[{"embeddable":true,"href":"https:\/\/sorvetequente.com.br\/loja\/wp-json\/wp\/v2\/comments?post=1297"}],"wp:featuredmedia":[{"embeddable":true,"href":"https:\/\/sorvetequente.com.br\/loja\/wp-json\/wp\/v2\/media\/1292"}],"wp:attachment":[{"href":"https:\/\/sorvetequente.com.br\/loja\/wp-json\/wp\/v2\/media?parent=1297"}],"wp:term":[{"taxonomy":"product_cat","embeddable":true,"href":"https:\/\/sorvetequente.com.br\/loja\/wp-json\/wp\/v2\/product_cat?post=1297"},{"taxonomy":"product_tag","embeddable":true,"href":"https:\/\/sorvetequente.com.br\/loja\/wp-json\/wp\/v2\/product_tag?post=1297"}],"curies":[{"name":"wp","href":"https:\/\/api.w.org\/{rel}","templated":true}]}}