{"id":1284,"date":"2023-04-22T22:02:45","date_gmt":"2023-04-23T01:02:45","guid":{"rendered":"https:\/\/sorvetequente.com.br\/loja\/?post_type=product&#038;p=1284"},"modified":"2025-12-12T09:59:46","modified_gmt":"2025-12-12T12:59:46","slug":"horas-bolas-prolongador-de-erecao-15gr-hot-flowers","status":"publish","type":"product","link":"https:\/\/sorvetequente.com.br\/loja\/product\/horas-bolas-prolongador-de-erecao-15gr-hot-flowers\/","title":{"rendered":"Horas Bolas Prolongador de Ere\u00e7\u00e3o 15gr Hot Flowers"},"content":{"rendered":"<p>O Gel Umectante\u00a0Horas Bolas\u00a0\u00e9 um\u00a0excitante masculino\u00a0que proporciona sensa\u00e7\u00f5es intensas de aquecimento, retarda a ejacula\u00e7\u00e3o e prolonga a ere\u00e7\u00e3o. Aumentando sua\u00a0lubrifica\u00e7\u00e3o\u00a0, reduzindo e controlando a sensibilidade do p\u00eanis. Possui aroma agrad\u00e1vel e refrescante, ideal para voc\u00ea que deseja melhorar sua performance na rela\u00e7\u00e3o sexual e fazer um sexo sensacional. Ficha T\u00e9cnica: Cont\u00e9m:\u00a015g Fun\u00e7\u00e3o:\u00a0Retarda a ejacula\u00e7\u00e3o, aquece a regi\u00e3o e prolonga a ere\u00e7\u00e3o. Embalagem:\u00a0Frasco. Regi\u00e3o de Aplica\u00e7\u00e3o:\u00a0Glande, corpo do p\u00eanis e saco escrotal. Modo de usar: Colocar a quantidade desejada na ponta dos dedos e aplicar no local, massageando delicadamente. O gel em instantes ir\u00e1 dar uma leve aquecida e far\u00e1 com que a massagem fique mais prazerosa e relaxante. Recomenda\u00e7\u00f5es: Evite contato com os olhos. Projeta o produto do calor, da umidade e da luz. No caso de irrita\u00e7\u00e3o, suspenda o uso e, se necess\u00e1rio, procure orienta\u00e7\u00e3o m\u00e9dica. Mantenha fora do alcance das crian\u00e7as. O Horas Bolas \u00e9 um prolongador de ere\u00e7\u00e3o, que retarda a ejacula\u00e7\u00e3o, pois reduz a sensibilidade do p\u00eanis. Provoca um leve aquecimento na regi\u00e3o. Possui aroma agrad\u00e1vel e refrescante.<\/p>\n","protected":false},"excerpt":{"rendered":"<h1><span style=\"color: #ff00ff\">NO PIX R$7,79<\/span><\/h1>\n","protected":false},"featured_media":1286,"comment_status":"open","ping_status":"closed","template":"","meta":[],"product_cat":[37,43],"product_tag":[],"class_list":{"0":"post-1284","1":"product","2":"type-product","3":"status-publish","4":"has-post-thumbnail","6":"product_cat-cosmeticos-e-comestiveis","7":"product_cat-para-ele","9":"first","10":"instock","11":"sale","12":"shipping-taxable","13":"purchasable","14":"product-type-simple"},"group_of_quantity":0,"min_quantity":0,"max_quantity":"","exclude_order_quantity_value_rules":"no","exclude_category_quantity_rules":"no","combine_variations":"no","_links":{"self":[{"href":"https:\/\/sorvetequente.com.br\/loja\/wp-json\/wp\/v2\/product\/1284","targetHints":{"allow":["GET"]}}],"collection":[{"href":"https:\/\/sorvetequente.com.br\/loja\/wp-json\/wp\/v2\/product"}],"about":[{"href":"https:\/\/sorvetequente.com.br\/loja\/wp-json\/wp\/v2\/types\/product"}],"replies":[{"embeddable":true,"href":"https:\/\/sorvetequente.com.br\/loja\/wp-json\/wp\/v2\/comments?post=1284"}],"wp:featuredmedia":[{"embeddable":true,"href":"https:\/\/sorvetequente.com.br\/loja\/wp-json\/wp\/v2\/media\/1286"}],"wp:attachment":[{"href":"https:\/\/sorvetequente.com.br\/loja\/wp-json\/wp\/v2\/media?parent=1284"}],"wp:term":[{"taxonomy":"product_cat","embeddable":true,"href":"https:\/\/sorvetequente.com.br\/loja\/wp-json\/wp\/v2\/product_cat?post=1284"},{"taxonomy":"product_tag","embeddable":true,"href":"https:\/\/sorvetequente.com.br\/loja\/wp-json\/wp\/v2\/product_tag?post=1284"}],"curies":[{"name":"wp","href":"https:\/\/api.w.org\/{rel}","templated":true}]}}