{"id":1280,"date":"2023-04-22T21:58:28","date_gmt":"2023-04-23T00:58:28","guid":{"rendered":"https:\/\/sorvetequente.com.br\/loja\/?post_type=product&#038;p=1280"},"modified":"2026-02-14T19:37:51","modified_gmt":"2026-02-14T22:37:51","slug":"pinto-loko-gel-estimulante-masculino-15g-hot-flowers","status":"publish","type":"product","link":"https:\/\/sorvetequente.com.br\/loja\/product\/pinto-loko-gel-estimulante-masculino-15g-hot-flowers\/","title":{"rendered":"Pinto Loko Gel Estimulante Masculino 15G Hot Flowers"},"content":{"rendered":"<p>O Mega Lan\u00e7amento da\u00a0<strong>Hot Flowers\u00a0<\/strong>vai deixar seu\u00a0<strong>Pinto Loko<\/strong>, s\u00f3 cuidado pra n\u00e3o querer sair com a galinha da vizinha.<\/p>\n<p>Ele vai te proporcionar\u00a0<strong>sensa\u00e7\u00f5es deliciosas<\/strong>\u00a0que v\u00e3o te deixar\u00a0<strong>enlouquecido\u00a0<\/strong>de tanto\u00a0<strong>tes\u00e3o<\/strong>, ele vai ser seu novo parceiro de noites\u00a0<strong>calientes<\/strong>.<\/p>\n<h3><strong>Para que serve o Pinto Loko?<\/strong><\/h3>\n<p>O\u00a0<strong>Pinto Loko<\/strong>\u00a0\u00e9 um\u00a0<strong>gel funcional<\/strong>\u00a0feito a<strong>\u00a0base de \u00e1gua<\/strong>, que provoca sensa\u00e7\u00f5es de\u00a0<strong>calor<\/strong>, sensa\u00e7\u00f5es loucas e\u00a0<strong>picantes\u00a0<\/strong>que v\u00e3o fazer aumentar o seu\u00a0<strong>tes\u00e3o<\/strong>, e te deixar daquele jeito pronto para o jogo.<\/p>\n<p>Ele atua como um\u00a0<strong>vasodilatado<\/strong>r, aumentando a\u00a0<strong>circula\u00e7\u00e3o sangu\u00ednea<\/strong>\u00a0da regi\u00e3o dando a sensa\u00e7\u00e3o que ele est\u00e1 maior, mais grosso e mais firme, tudo que o homem precisa para ter uma rela\u00e7\u00e3o gostosa e super\u00a0<strong>prazerosa<\/strong>.<\/p>\n<h3><strong>Quais os benef\u00edcios que o Estimulante Peniano oferece?<\/strong><\/h3>\n<p>\u2022 Sensa\u00e7\u00f5es Picantes;<\/p>\n<p>\u2022 Mais Tes\u00e3o;<\/p>\n<p>\u2022 Esquenta;<\/p>\n<p>\u2022 Momentos quentes.<\/p>\n<h3><strong>Ficha T\u00e9cnica<\/strong><\/h3>\n<p>\u2022\u00a0<strong>Cont\u00e9m:\u00a0<\/strong>01 Gel Estimulante Masculino 15g<\/p>\n<p>\u2022\u00a0<strong>Embalagem:<\/strong>\u00a0Pl\u00e1stica.<\/p>\n<p>\u2022\u00a0<strong>Validade:\u00a0<\/strong>Presente na embalagem.<\/p>\n<h3><strong>Qual a composi\u00e7\u00e3o do Pinto Loko?<\/strong><\/h3>\n<p>O Gel Estimulante Pinto Loko da Hot Flowers \u00e9 composto por Aqua\/ Agua, Propylene Glycol\/Propilenoglicol, Hydrohyethylcellulose\/ hietelose, Ginkgo Biloba Leaf Extract \/ Extrato Folha de Ginkgo Biloba, Arginine\/ Arginina, Imidazolidinilureia, Disodium EDTA\/ Edetato Diss\u00f3dico, Parfum\/ Perfume.<\/p>\n<h3><strong>Como usar o Pinto Loko da Hot Flowers?<\/strong><\/h3>\n<p>Aplique uma pequena quantidade nas pontas dos dedos e massageie delicadamente a extens\u00e3o do p\u00eanis, se desejar aplique mais quantidade, e sinta as deliciosas sensa\u00e7\u00f5es que ele ir\u00e1 te proporcionar.<\/p>\n<p>&nbsp;<\/p>\n<h3><strong>Quais cuidados e precau\u00e7\u00f5es preciso ter ao usar o Gel Pinto Loko?<\/strong><\/h3>\n<p>&nbsp;<\/p>\n<p>\u2022 N\u00e3o expor a temperaturas maiores que 50\u00b0;<\/p>\n<p>\u2022 Evite les\u00f5es ou agravamento de patologias j\u00e1 existentes, n\u00e3o utilize em zonas inflamadas, inchadas, ou com lacera\u00e7\u00f5es;<\/p>\n<p>\u2022 N\u00e3o compartilhe com nenhum outro parceiro;<\/p>\n<p>&nbsp;<\/p>\n<p><strong>Precau\u00e7\u00e3o:<\/strong><\/p>\n<p>&nbsp;<\/p>\n<p>\u2022 Mantenha fora do alcance de crian\u00e7as;<\/p>\n","protected":false},"excerpt":{"rendered":"<h1><span style=\"color: #ff00ff\">NO PIX R$7,31<\/span><\/h1>\n","protected":false},"featured_media":1283,"comment_status":"open","ping_status":"closed","template":"","meta":[],"product_cat":[37,43,66],"product_tag":[],"class_list":{"0":"post-1280","1":"product","2":"type-product","3":"status-publish","4":"has-post-thumbnail","6":"product_cat-cosmeticos-e-comestiveis","7":"product_cat-para-ele","8":"product_cat-promocao-relampago","10":"first","11":"instock","12":"sale","13":"shipping-taxable","14":"purchasable","15":"product-type-simple"},"group_of_quantity":0,"min_quantity":0,"max_quantity":"","exclude_order_quantity_value_rules":"no","exclude_category_quantity_rules":"no","combine_variations":"no","_links":{"self":[{"href":"https:\/\/sorvetequente.com.br\/loja\/wp-json\/wp\/v2\/product\/1280","targetHints":{"allow":["GET"]}}],"collection":[{"href":"https:\/\/sorvetequente.com.br\/loja\/wp-json\/wp\/v2\/product"}],"about":[{"href":"https:\/\/sorvetequente.com.br\/loja\/wp-json\/wp\/v2\/types\/product"}],"replies":[{"embeddable":true,"href":"https:\/\/sorvetequente.com.br\/loja\/wp-json\/wp\/v2\/comments?post=1280"}],"wp:featuredmedia":[{"embeddable":true,"href":"https:\/\/sorvetequente.com.br\/loja\/wp-json\/wp\/v2\/media\/1283"}],"wp:attachment":[{"href":"https:\/\/sorvetequente.com.br\/loja\/wp-json\/wp\/v2\/media?parent=1280"}],"wp:term":[{"taxonomy":"product_cat","embeddable":true,"href":"https:\/\/sorvetequente.com.br\/loja\/wp-json\/wp\/v2\/product_cat?post=1280"},{"taxonomy":"product_tag","embeddable":true,"href":"https:\/\/sorvetequente.com.br\/loja\/wp-json\/wp\/v2\/product_tag?post=1280"}],"curies":[{"name":"wp","href":"https:\/\/api.w.org\/{rel}","templated":true}]}}