{"id":1276,"date":"2023-04-22T21:48:25","date_gmt":"2023-04-23T00:48:25","guid":{"rendered":"https:\/\/sorvetequente.com.br\/loja\/?post_type=product&#038;p=1276"},"modified":"2026-02-04T22:55:18","modified_gmt":"2026-02-05T01:55:18","slug":"piriquita-assanhada-gel-excitante-feminino-15g-hot-flowers","status":"publish","type":"product","link":"https:\/\/sorvetequente.com.br\/loja\/product\/piriquita-assanhada-gel-excitante-feminino-15g-hot-flowers\/","title":{"rendered":"Piriquita Assanhada Gel Excitante Feminino 15G HOT FLOWERS"},"content":{"rendered":"<p>Ideal para seus momentos \u00edntimos solos, o\u00a0<strong>Gel Piriquita Assanhada\u00a0<\/strong>vai deixar voc\u00ea pegando fogo. Ele deixa voc\u00ea completamente\u00a0<strong>excitado<\/strong>, aumentando o seu\u00a0<strong>apetite sexual<\/strong>, ele aumenta a\u00a0<strong>sensibilidade\u00a0<\/strong>da regi\u00e3o vaginal e estimula o\u00a0<strong>orgasmo\u00a0<\/strong>mais\u00a0<strong>intenso<\/strong>.<br \/>\nSe toque e conhe\u00e7a seu corpo, saiba quais locais mais sente prazer e de qual forma se\u00a0<strong>excita\u00a0<\/strong>mais, e na hora H com seu parceiro tudo ser\u00e1 mais\u00a0<strong>gostoso<\/strong>.<\/p>\n<h3><strong>Para que serve o Piriquita Assanhada?<\/strong><\/h3>\n<p>O\u00a0<strong>gel\u00a0<\/strong>da\u00a0<strong>Hot Flowers\u00a0<\/strong>foi feito especialmente para a\u00a0<strong>masturba\u00e7\u00e3o\u00a0<\/strong>feminina, aumentando a\u00a0<strong>sensibilidade\u00a0<\/strong>e te deixando ainda mais\u00a0<strong>excitada\u00a0<\/strong>e promovendo\u00a0<strong>aquecimento\u00a0<\/strong>prolongado na regi\u00e3o.<br \/>\nMasturbe-se e se conhe\u00e7a, promova seu pr\u00f3prio prazer, n\u00e3o dependa de ningu\u00e9m para isso, e nem coloque seu prazer nas m\u00e3os de qualquer um.<\/p>\n<p>&nbsp;<\/p>\n<h3><strong>uais os benef\u00edcios que o Hidratante Corporal oferece?<\/strong><\/h3>\n<p>\u2022 Masturba\u00e7\u00e3o prazerosa;<\/p>\n<p>\u2022 Aumento da Libido;<\/p>\n<p>\u2022 Aquecimento da regi\u00e3o;<\/p>\n<p>\u2022 Momentos quentes.<\/p>\n<h3><strong>Ficha T\u00e9cnica<\/strong><\/h3>\n<p>\u2022\u00a0<strong>Cont\u00e9m:\u00a0<\/strong>01 Gel Corporal 15g<\/p>\n<p>\u2022\u00a0<strong>Embalagem:<\/strong>\u00a0Pl\u00e1stica.<\/p>\n<p>\u2022\u00a0<strong>Validade:\u00a0<\/strong>Presente na embalagem.<\/p>\n<h3><strong>Qual a composi\u00e7\u00e3o do Piriquita Assanhada?<\/strong><\/h3>\n<p>O Gel Piriquita Assanhada da Hot Flowers \u00e9 composto por \u00c1gua, Glicerol, Propilenoglicol. Hietelose, imidazolidinilureia, Edetato Dissodico, \u00c9ter Vanilil But\u00edlico, Edetato Diss\u00f3dico, \u00f3leo de cravo, perfume, .<\/p>\n<h3><strong>Como usar o Piriquita Assanhada da Hot Flowers?<\/strong><\/h3>\n<p>Aplique uma pequena quantidade nas pontas dos dedos e massageie delicadamente, se desejar aplique mais quantidade, e sinta as deliciosas sensa\u00e7\u00f5es que ele ir\u00e1 te proporcionar.<\/p>\n<h3><strong>Quais cuidados e precau\u00e7\u00f5es preciso ter ao usar o Gel ?<\/strong><\/h3>\n<p>\u2022 N\u00e3o expor a temperaturas maiores que 50\u00b0;<\/p>\n<p>\u2022 Evite les\u00f5es ou agravamento de patologias j\u00e1 existentes, n\u00e3o utilize em zonas inflamadas, inchadas, ou com lacera\u00e7\u00f5es;<\/p>\n<p>\u2022 Em caso de vermelhid\u00e3o, coceira, ou rea\u00e7\u00f5es al\u00e9rgicas suspenda o uso, e se necess\u00e1rio procure orienta\u00e7\u00e3o m\u00e9dica;<\/p>\n<p>\u2022 N\u00e3o compartilhe com nenhum outro parceiro;<\/p>\n<p><strong>Precau\u00e7\u00e3o:<\/strong><\/p>\n<p>\u2022 Mantenha fora do alcance de crian\u00e7as;<\/p>\n","protected":false},"excerpt":{"rendered":"<h1><span style=\"color: #ff00ff\">NO PIX R$6,99<\/span><\/h1>\n","protected":false},"featured_media":1279,"comment_status":"open","ping_status":"closed","template":"","meta":[],"product_cat":[37],"product_tag":[],"class_list":{"0":"post-1276","1":"product","2":"type-product","3":"status-publish","4":"has-post-thumbnail","6":"product_cat-cosmeticos-e-comestiveis","8":"first","9":"instock","10":"sale","11":"shipping-taxable","12":"purchasable","13":"product-type-simple"},"group_of_quantity":0,"min_quantity":0,"max_quantity":"","exclude_order_quantity_value_rules":"no","exclude_category_quantity_rules":"no","combine_variations":"no","_links":{"self":[{"href":"https:\/\/sorvetequente.com.br\/loja\/wp-json\/wp\/v2\/product\/1276","targetHints":{"allow":["GET"]}}],"collection":[{"href":"https:\/\/sorvetequente.com.br\/loja\/wp-json\/wp\/v2\/product"}],"about":[{"href":"https:\/\/sorvetequente.com.br\/loja\/wp-json\/wp\/v2\/types\/product"}],"replies":[{"embeddable":true,"href":"https:\/\/sorvetequente.com.br\/loja\/wp-json\/wp\/v2\/comments?post=1276"}],"wp:featuredmedia":[{"embeddable":true,"href":"https:\/\/sorvetequente.com.br\/loja\/wp-json\/wp\/v2\/media\/1279"}],"wp:attachment":[{"href":"https:\/\/sorvetequente.com.br\/loja\/wp-json\/wp\/v2\/media?parent=1276"}],"wp:term":[{"taxonomy":"product_cat","embeddable":true,"href":"https:\/\/sorvetequente.com.br\/loja\/wp-json\/wp\/v2\/product_cat?post=1276"},{"taxonomy":"product_tag","embeddable":true,"href":"https:\/\/sorvetequente.com.br\/loja\/wp-json\/wp\/v2\/product_tag?post=1276"}],"curies":[{"name":"wp","href":"https:\/\/api.w.org\/{rel}","templated":true}]}}