{"id":1272,"date":"2023-04-22T21:41:53","date_gmt":"2023-04-23T00:41:53","guid":{"rendered":"https:\/\/sorvetequente.com.br\/loja\/?post_type=product&#038;p=1272"},"modified":"2026-04-03T16:27:37","modified_gmt":"2026-04-03T19:27:37","slug":"xana-loka-excitante-feminino-15gr-hot-flowers","status":"publish","type":"product","link":"https:\/\/sorvetequente.com.br\/loja\/product\/xana-loka-excitante-feminino-15gr-hot-flowers\/","title":{"rendered":"Xana Loka Excitante Feminino 15gr Hot Flowers"},"content":{"rendered":"<p>O Xana Loka far\u00e1 com que as suas rela\u00e7\u00f5es n\u00e3o sejam mais as mesmas, proporcionando uma experi\u00eancias deliciosa de muito prazer para que voc\u00ea possa chegar ao seu orgasmo mais intenso.<\/p>\n<p>&nbsp;<\/p>\n<p><strong>O Que \u00e9 o Xana Loka?<\/strong><\/p>\n<p>&nbsp;<\/p>\n<p>Xana Loka \u00e9 um\u00a0<strong>gel excitante feminino\u00a0<\/strong>perfeito para mulheres que procuram um excitante de alta qualidade e veracidade ou homens que desejam proporcionar mais prazer para a sua companheira, ele promover\u00e1 \u00e0 voc\u00ea as sensa\u00e7\u00f5es deliciosas de\u00a0<strong>excitar<\/strong>,\u00a0<strong>esquentar<\/strong>,\u00a0<strong>esfriar<\/strong>,\u00a0<strong>vibrar\u00a0<\/strong>e\u00a0<strong>lubrificar<\/strong>, tudo isso num s\u00f3 produto.<\/p>\n<p>&nbsp;<\/p>\n<p>Lembrando que ao us\u00e1-lo voc\u00ea sentir\u00e1 as suas \u00e1reas \u00edntimas\u00a0<strong>mais sens\u00edveis<\/strong>, fazendo com que voc\u00ea chegue ainda mais perto do\u00a0<strong>cl\u00edmax<\/strong>, deixando realmente a sua \u201cxana loka\u201d, ent\u00e3o n\u00e3o hesite na hora de escolher este sensacional\u00a0<strong>excitante\u00a0<\/strong>e surpreenda o seu amado(a) entre quatro paredes.<\/p>\n<p>&nbsp;<\/p>\n<p><strong>O Excitante Xana Loka Funciona?<\/strong><\/p>\n<p>&nbsp;<\/p>\n<p>Sim, sem d\u00favida alguma, pois ele foi testado e comprovado por mulheres que hoje n\u00e3o vivem sem ele, e caso n\u00e3o possua nenhum companheiro para o seu momento, recomendamos seu uso com algum\u00a0<strong>brinquedo\/vibrador<\/strong>\u00a0er\u00f3tico para que tenhas os melhores momentos.<\/p>\n<p>&nbsp;<\/p>\n<p><strong>Como usar o Estimulante Xana Loka da Hot Flowers?<\/strong><\/p>\n<p>&nbsp;<\/p>\n<p>Recomendamos que aplique uma quantidade pequena sobre a ponta de seus dedos e massageie suavemente o local desejado, sendo eles\u00a0<strong>clit\u00f3ris<\/strong>,\u00a0<strong>\u00e2nus\u00a0<\/strong>e\u00a0<strong>vulva<\/strong>, locais sens\u00edveis de seu corpo, ap\u00f3s sentir a sua sensibilidade, reaplica, conforme a necessidade, gradativamente.<\/p>\n<p>&nbsp;<\/p>\n<p><strong>Efeitos: Aumenta a Libido?<\/strong><\/p>\n<p>&nbsp;<\/p>\n<p>Sim, seus efeitos s\u00e3o inigual\u00e1veis, permitindo que o aumento de sua libido seja instant\u00e2neo, aumentando gradativamente durante a rela\u00e7\u00e3o e proporcionando orgasmos intensos para que voc\u00ea e seu parceiro(a) sintam estes momentos.<\/p>\n<p>&nbsp;<\/p>\n<p><strong>Quais os benef\u00edcios do Xana Loka?<\/strong><\/p>\n<p>&nbsp;<\/p>\n<p>\u2022 Aumento da libido;<\/p>\n<p>\u2022 Novas experi\u00eancias;<\/p>\n<p>\u2022 Esquenta, esfria, excita, vibra e lubrifica;<\/p>\n<p>&nbsp;<\/p>\n<p><strong>Ficha T\u00e9cnica<\/strong><\/p>\n<p>&nbsp;<\/p>\n<p>\u2022\u00a0<strong>Cont\u00e9m:<\/strong>\u00a001 Xana Loka.<\/p>\n<p>\u2022\u00a0<strong>Embalagem:\u00a0<\/strong>Frasnaga.<\/p>\n<p>\u2022\u00a0<strong>Validade<\/strong>: Presente na embalagem.<\/p>\n<p>&nbsp;<\/p>\n<p><strong>Qual a Composi\u00e7\u00e3o do Excitante Xana Loka?<\/strong><\/p>\n<p>&nbsp;<\/p>\n<p>Aqua, glycerin, hydroxyethylcellulose, imidazolidinyl urea, PEG-40 castor oil, alcohol, menthol, eugenia caryophyllus leaf oil, disodium edta, parfum, alpha-isomethyl ionone, benzyl benzoate, citronellol, coumarin, hydroxycitronellal, hydroxyisohexyl 3-cyclohexene carboxaldehyde, hexyl cinnamal, limonene, linalool.<\/p>\n<p>&nbsp;<\/p>\n<p><strong>Quais cuidados e precau\u00e7\u00f5es preciso ter ao usar o Xana Loka?<\/strong><\/p>\n<p>&nbsp;<\/p>\n<p>\u2022 N\u00e3o expor a temperatura superior a 50\u00baC.<\/p>\n<p>\u2022 Evita les\u00f5es ou um agravamento de patologias existentes, n\u00e3o utilizar esse produto em zonas inflamadas, inchadas ou em pele com lacera\u00e7\u00f5es;<\/p>\n<p>\u2022 N\u00e3o compartilhe com nenhum outro parceiro;<\/p>\n<p>&nbsp;<\/p>\n<p><strong>Recomenda\u00e7\u00f5es:<\/strong><\/p>\n<p>&nbsp;<\/p>\n<p>\u2022 Mantenha fora do alcance de crian\u00e7as;<\/p>\n<p>\u2022 N\u00e3o ingerir;<\/p>\n","protected":false},"excerpt":{"rendered":"<h1><span style=\"color: #ff00ff\">NO PIX R$7,68<\/span><\/h1>\n","protected":false},"featured_media":5331,"comment_status":"open","ping_status":"closed","template":"","meta":[],"product_cat":[37,75],"product_tag":[],"class_list":{"0":"post-1272","1":"product","2":"type-product","3":"status-publish","4":"has-post-thumbnail","6":"product_cat-cosmeticos-e-comestiveis","7":"product_cat-lubrificantes","9":"first","10":"instock","11":"sale","12":"shipping-taxable","13":"purchasable","14":"product-type-simple"},"group_of_quantity":0,"min_quantity":0,"max_quantity":"","exclude_order_quantity_value_rules":"no","exclude_category_quantity_rules":"no","combine_variations":"no","_links":{"self":[{"href":"https:\/\/sorvetequente.com.br\/loja\/wp-json\/wp\/v2\/product\/1272","targetHints":{"allow":["GET"]}}],"collection":[{"href":"https:\/\/sorvetequente.com.br\/loja\/wp-json\/wp\/v2\/product"}],"about":[{"href":"https:\/\/sorvetequente.com.br\/loja\/wp-json\/wp\/v2\/types\/product"}],"replies":[{"embeddable":true,"href":"https:\/\/sorvetequente.com.br\/loja\/wp-json\/wp\/v2\/comments?post=1272"}],"wp:featuredmedia":[{"embeddable":true,"href":"https:\/\/sorvetequente.com.br\/loja\/wp-json\/wp\/v2\/media\/5331"}],"wp:attachment":[{"href":"https:\/\/sorvetequente.com.br\/loja\/wp-json\/wp\/v2\/media?parent=1272"}],"wp:term":[{"taxonomy":"product_cat","embeddable":true,"href":"https:\/\/sorvetequente.com.br\/loja\/wp-json\/wp\/v2\/product_cat?post=1272"},{"taxonomy":"product_tag","embeddable":true,"href":"https:\/\/sorvetequente.com.br\/loja\/wp-json\/wp\/v2\/product_tag?post=1272"}],"curies":[{"name":"wp","href":"https:\/\/api.w.org\/{rel}","templated":true}]}}