{"id":1268,"date":"2023-04-22T21:37:26","date_gmt":"2023-04-23T00:37:26","guid":{"rendered":"https:\/\/sorvetequente.com.br\/loja\/?post_type=product&#038;p=1268"},"modified":"2026-03-18T00:47:25","modified_gmt":"2026-03-18T03:47:25","slug":"kuloko-gel-dessensibilizante-e-excitante-anal-15gr-hot-flowers","status":"publish","type":"product","link":"https:\/\/sorvetequente.com.br\/loja\/product\/kuloko-gel-dessensibilizante-e-excitante-anal-15gr-hot-flowers\/","title":{"rendered":"Kuloko Gel Dessensibilizante e Excitante Anal 15gr Hot Flowers"},"content":{"rendered":"<p>DESCRI\u00c7\u00c3O<\/p>\n<p>Quer liberar *? Vai de KULOKO! O\u00a0<strong>Kuloko da Hot Flowers<\/strong>\u00a0\u00e9 um gel umectante desenvolvido para quem deseja dar aquela animada na hora da transa e explorar novas fontes de prazeres anais.<\/p>\n<p>&nbsp;<\/p>\n<p><strong>O que o Kuloko faz?<\/strong><\/p>\n<p>&nbsp;<\/p>\n<p><strong>Sua principal fun\u00e7\u00e3o \u00e9 dessensibilizar<\/strong>, auxiliando no\u00a0<strong>relaxamento da musculatura anal<\/strong>\u00a0e preparando o \u00e2nus para uma penetra\u00e7\u00e3o mais prazerosa, possui tamb\u00e9m outras fun\u00e7\u00f5es como sensa\u00e7\u00e3o treme (vibra\u00e7\u00f5es) e efeito geladinho que em contato com a pele, atua como excitante e potencializa a<strong>\u00a0diminui\u00e7\u00e3o do desconforto<\/strong>.<\/p>\n<p>&nbsp;<\/p>\n<p><strong>Para quem o kuloko \u00e9 recomendado?<\/strong><\/p>\n<p>&nbsp;<\/p>\n<p>O Kuloko \u00e9 um cosm\u00e9tico sensual chave para casais que desejam iniciar a pr\u00e1tica do sexo anal e para os mais experientes tamb\u00e9m, com ele n\u00e3o tem frescura e com certeza te\u00a0<strong>deixar\u00e1 loko(a) para a pr\u00f3xima vez.<\/strong><\/p>\n<p><strong>Como usar o KuLoko da Hot Flowers?<\/strong><\/p>\n<p>&nbsp;<\/p>\n<p><strong>Certa de 5 minutos antes do sexo<\/strong>, passe uma pequena quantidade nas pontas dos dedos e aplique na regi\u00e3o do \u00e2nus, massageando delicadamente. Em instante voc\u00ea sentir\u00e1 suas fun\u00e7\u00f5es agirem.<\/p>\n<p>&nbsp;<\/p>\n<p>Quando for ocorrer a penetra\u00e7\u00e3o, aplique uma pequena quantidade do\u00a0<strong>gel para potencializar a sensa\u00e7\u00e3o.<\/strong><\/p>\n<p>&nbsp;<\/p>\n<p><strong>Onde aplicar o Kuloko?<\/strong><\/p>\n<p>&nbsp;<\/p>\n<p>\u00c2nus.<\/p>\n<p>&nbsp;<\/p>\n<p><strong>Ficha T\u00e9cnica<\/strong><\/p>\n<p>&nbsp;<\/p>\n<p><strong>Cont\u00e9m:<\/strong>\u00a015g.<\/p>\n<p>&nbsp;<\/p>\n<p><strong>Embalagem:<\/strong>\u00a0Frasnaga.<\/p>\n<p>&nbsp;<\/p>\n<p><strong>Qual a Composi\u00e7\u00e3o?<\/strong><\/p>\n<p>&nbsp;<\/p>\n<p>Aqua, Glycerin, Hydroxyethylcellulose, Propylene Glycol, Imidazolidinyl Urea, Menthol, Spilanthes Acmella Extract, Pfaffia Paniculata Root Extract, Disodium EDTA, Parfum, Butylphenyl Methyl Propional, Alpha-Isomethyl Ionone, Coumarin, Geraniol, Hydroxicitronellal, Linalool.<\/p>\n<p>&nbsp;<\/p>\n<p><strong>Recomenda\u00e7\u00f5es<\/strong><\/p>\n<p>&nbsp;<\/p>\n<p>N\u00e3o usar em regi\u00f5es com les\u00f5es, lacera\u00e7\u00f5es ou inflama\u00e7\u00f5es.<\/p>\n<p>&nbsp;<\/p>\n<p>Em caso de contato com os olhos, enx\u00e1gue-os com \u00e1gua em abund\u00e2ncia.<\/p>\n<p>&nbsp;<\/p>\n<p>Manter o produto em lugar fresco e ao abrigo do calor e da luz.<\/p>\n<p>&nbsp;<\/p>\n<p>N\u00e3o reutilizar a embalagem.<\/p>\n<p>&nbsp;<\/p>\n<p>Mantenha fora do alcance de crian\u00e7as.<\/p>\n","protected":false},"excerpt":{"rendered":"<h1><span style=\"color: #ff00ff\">NO PIX R$7,99<\/span><\/h1>\n","protected":false},"featured_media":1271,"comment_status":"open","ping_status":"closed","template":"","meta":[],"product_cat":[37,75,134],"product_tag":[],"class_list":{"0":"post-1268","1":"product","2":"type-product","3":"status-publish","4":"has-post-thumbnail","6":"product_cat-cosmeticos-e-comestiveis","7":"product_cat-lubrificantes","8":"product_cat-sexo-anal","10":"first","11":"instock","12":"sale","13":"shipping-taxable","14":"purchasable","15":"product-type-simple"},"group_of_quantity":0,"min_quantity":0,"max_quantity":"","exclude_order_quantity_value_rules":"no","exclude_category_quantity_rules":"no","combine_variations":"no","_links":{"self":[{"href":"https:\/\/sorvetequente.com.br\/loja\/wp-json\/wp\/v2\/product\/1268","targetHints":{"allow":["GET"]}}],"collection":[{"href":"https:\/\/sorvetequente.com.br\/loja\/wp-json\/wp\/v2\/product"}],"about":[{"href":"https:\/\/sorvetequente.com.br\/loja\/wp-json\/wp\/v2\/types\/product"}],"replies":[{"embeddable":true,"href":"https:\/\/sorvetequente.com.br\/loja\/wp-json\/wp\/v2\/comments?post=1268"}],"wp:featuredmedia":[{"embeddable":true,"href":"https:\/\/sorvetequente.com.br\/loja\/wp-json\/wp\/v2\/media\/1271"}],"wp:attachment":[{"href":"https:\/\/sorvetequente.com.br\/loja\/wp-json\/wp\/v2\/media?parent=1268"}],"wp:term":[{"taxonomy":"product_cat","embeddable":true,"href":"https:\/\/sorvetequente.com.br\/loja\/wp-json\/wp\/v2\/product_cat?post=1268"},{"taxonomy":"product_tag","embeddable":true,"href":"https:\/\/sorvetequente.com.br\/loja\/wp-json\/wp\/v2\/product_tag?post=1268"}],"curies":[{"name":"wp","href":"https:\/\/api.w.org\/{rel}","templated":true}]}}