{"id":1244,"date":"2023-04-19T18:07:04","date_gmt":"2023-04-19T21:07:04","guid":{"rendered":"https:\/\/sorvetequente.com.br\/loja\/?post_type=product&#038;p=1244"},"modified":"2026-02-04T22:55:18","modified_gmt":"2026-02-05T01:55:18","slug":"gel-lubrificante-intimo-aromatizado-50g-rilex","status":"publish","type":"product","link":"https:\/\/sorvetequente.com.br\/loja\/product\/gel-lubrificante-intimo-aromatizado-50g-rilex\/","title":{"rendered":"Gel Lubrificante Intimo Aromatizado 50g Rilex"},"content":{"rendered":"<h2>DESCRI\u00c7\u00c3O<\/h2>\n<div class=\"productDescription\">\n<p>O\u00a0<strong>Gel Lubrificante<\/strong> \u00edntimo tradicional da Rilex oferece lubrifica\u00e7\u00e3o com conforto e seguran\u00e7a para sua rela\u00e7\u00e3o sem perder a sensibilidade. Reduz o atrito da pele e \u00e9 indicado para ajudar a penetra\u00e7\u00e3o, pode ser utilizado tamb\u00e9m para realizar massagens sensuais, em pr\u00f3teses ou preservativos com pouca ou sem lubrifica\u00e7\u00e3o.<\/p>\n<p><strong>Ficha T\u00e9cnica<\/strong><br \/>\n<strong>Cont\u00e9m:<\/strong>\u00a01 bisnaga de 50g.<br \/>\n<strong>Composi\u00e7\u00e3o:<\/strong>\u00a0Hidroxieticelulose, Propilenoglicol, Metilparabeno e \u00c1gua.<\/p>\n<p><strong>Modo de Uso:<\/strong>\u00a0Aplique uma quantidade suficiente nos dedos e aplique na \u00e1rea \u00edntima desejada massageando suavemente.<\/p>\n<p><strong>Recomenda\u00e7\u00f5es:<\/strong><br \/>\nConserve em local seco e fresco.<br \/>\nMantenha fora do alcance de crian\u00e7as.<\/p>\n<\/div>\n","protected":false},"excerpt":{"rendered":"<h1><span style=\"color: #ff00ff\">NO PIX R$7,69<\/span><\/h1>\n","protected":false},"featured_media":1245,"comment_status":"open","ping_status":"closed","template":"","meta":[],"product_cat":[37,75],"product_tag":[],"class_list":{"0":"post-1244","1":"product","2":"type-product","3":"status-publish","4":"has-post-thumbnail","6":"product_cat-cosmeticos-e-comestiveis","7":"product_cat-lubrificantes","9":"first","10":"instock","11":"sale","12":"shipping-taxable","13":"purchasable","14":"product-type-simple"},"group_of_quantity":0,"min_quantity":0,"max_quantity":"","exclude_order_quantity_value_rules":"no","exclude_category_quantity_rules":"no","combine_variations":"no","_links":{"self":[{"href":"https:\/\/sorvetequente.com.br\/loja\/wp-json\/wp\/v2\/product\/1244","targetHints":{"allow":["GET"]}}],"collection":[{"href":"https:\/\/sorvetequente.com.br\/loja\/wp-json\/wp\/v2\/product"}],"about":[{"href":"https:\/\/sorvetequente.com.br\/loja\/wp-json\/wp\/v2\/types\/product"}],"replies":[{"embeddable":true,"href":"https:\/\/sorvetequente.com.br\/loja\/wp-json\/wp\/v2\/comments?post=1244"}],"wp:featuredmedia":[{"embeddable":true,"href":"https:\/\/sorvetequente.com.br\/loja\/wp-json\/wp\/v2\/media\/1245"}],"wp:attachment":[{"href":"https:\/\/sorvetequente.com.br\/loja\/wp-json\/wp\/v2\/media?parent=1244"}],"wp:term":[{"taxonomy":"product_cat","embeddable":true,"href":"https:\/\/sorvetequente.com.br\/loja\/wp-json\/wp\/v2\/product_cat?post=1244"},{"taxonomy":"product_tag","embeddable":true,"href":"https:\/\/sorvetequente.com.br\/loja\/wp-json\/wp\/v2\/product_tag?post=1244"}],"curies":[{"name":"wp","href":"https:\/\/api.w.org\/{rel}","templated":true}]}}